{"id":6826,"date":"2023-05-02T11:12:15","date_gmt":"2023-05-02T09:12:15","guid":{"rendered":"https:\/\/hoteldellago.com\/panoramaterrasse\/"},"modified":"2023-05-04T11:10:26","modified_gmt":"2023-05-04T09:10:26","slug":"panoramaterrasse","status":"publish","type":"page","link":"https:\/\/hoteldellago.com\/de\/panoramaterrasse\/","title":{"rendered":"Panoramaterrasse"},"content":{"rendered":"\t\t<div data-elementor-type=\"wp-page\" data-elementor-id=\"6826\" class=\"elementor elementor-6826 elementor-802\" data-elementor-post-type=\"page\">\n\t\t\t\t\t\t<section class=\"elementor-section elementor-top-section elementor-element elementor-element-5be2a69 elementor-section-height-min-height elementor-section-items-stretch hero elementor-section-boxed elementor-section-height-default\" data-id=\"5be2a69\" data-element_type=\"section\" data-e-type=\"section\" data-settings=\"{&quot;background_background&quot;:&quot;slideshow&quot;,&quot;background_slideshow_gallery&quot;:[{&quot;id&quot;:498,&quot;url&quot;:&quot;https:\\\/\\\/hoteldellago.com\\\/wp-content\\\/uploads\\\/2021\\\/07\\\/12.jpg&quot;},{&quot;id&quot;:729,&quot;url&quot;:&quot;https:\\\/\\\/hoteldellago.com\\\/wp-content\\\/uploads\\\/2021\\\/07\\\/panorama.jpg&quot;},{&quot;id&quot;:512,&quot;url&quot;:&quot;https:\\\/\\\/hoteldellago.com\\\/wp-content\\\/uploads\\\/2021\\\/07\\\/31.jpg&quot;},{&quot;id&quot;:497,&quot;url&quot;:&quot;https:\\\/\\\/hoteldellago.com\\\/wp-content\\\/uploads\\\/2021\\\/07\\\/11.jpg&quot;},{&quot;id&quot;:493,&quot;url&quot;:&quot;https:\\\/\\\/hoteldellago.com\\\/wp-content\\\/uploads\\\/2021\\\/07\\\/07.jpg&quot;}],&quot;background_slideshow_loop&quot;:&quot;yes&quot;,&quot;background_slideshow_slide_duration&quot;:5000,&quot;background_slideshow_slide_transition&quot;:&quot;fade&quot;,&quot;background_slideshow_transition_duration&quot;:500}\">\n\t\t\t\t\t\t\t<div class=\"elementor-background-overlay\"><\/div>\n\t\t\t\t\t\t\t<div class=\"elementor-container elementor-column-gap-default\">\n\t\t\t\t\t<div class=\"elementor-column elementor-col-100 elementor-top-column elementor-element elementor-element-c2b33df\" data-id=\"c2b33df\" data-element_type=\"column\" data-e-type=\"column\">\n\t\t\t<div class=\"elementor-widget-wrap elementor-element-populated\">\n\t\t\t\t\t\t<div class=\"elementor-element elementor-element-094abd2 logo elementor-widget elementor-widget-image\" data-id=\"094abd2\" data-element_type=\"widget\" data-e-type=\"widget\" data-widget_type=\"image.default\">\n\t\t\t\t<div class=\"elementor-widget-container\">\n\t\t\t\t\t\t\t\t\t\t\t\t\t\t\t\t<a href=\"https:\/\/hoteldellago.com\/de\/\">\n\t\t\t\t\t\t\t<img fetchpriority=\"high\" decoding=\"async\" width=\"770\" height=\"142\" src=\"https:\/\/hoteldellago.com\/wp-content\/uploads\/2021\/07\/logo-bianco.png\" class=\"attachment-quadrato960 size-quadrato960 wp-image-5911\" alt=\"\" srcset=\"https:\/\/hoteldellago.com\/wp-content\/uploads\/2021\/07\/logo-bianco.png 770w, https:\/\/hoteldellago.com\/wp-content\/uploads\/2021\/07\/logo-bianco-763x142.png 763w\" sizes=\"(max-width: 770px) 100vw, 770px\" \/>\t\t\t\t\t\t\t\t<\/a>\n\t\t\t\t\t\t\t\t\t\t\t\t\t\t\t<\/div>\n\t\t\t\t<\/div>\n\t\t\t\t<div class=\"elementor-element elementor-element-b99ee6e headline hero t1 bianco centrato elementor-widget elementor-widget-heading\" data-id=\"b99ee6e\" data-element_type=\"widget\" data-e-type=\"widget\" data-widget_type=\"heading.default\">\n\t\t\t\t<div class=\"elementor-widget-container\">\n\t\t\t\t\t<h2 class=\"elementor-heading-title elementor-size-default\"> Panoramaterrasse<\/h2>\t\t\t\t<\/div>\n\t\t\t\t<\/div>\n\t\t\t\t<div class=\"elementor-element elementor-element-82d6d66 elementor-align-center elementor-widget elementor-widget-lottie\" data-id=\"82d6d66\" data-element_type=\"widget\" data-e-type=\"widget\" data-settings=\"{&quot;source&quot;:&quot;external_url&quot;,&quot;source_external_url&quot;:{&quot;url&quot;:&quot;\\\/wp-content\\\/themes\\\/pbf-pensareweb-child\\\/assets\\\/scss\\\/img\\\/freccia-giu-hoteldellago.json&quot;,&quot;is_external&quot;:&quot;&quot;,&quot;nofollow&quot;:&quot;&quot;,&quot;custom_attributes&quot;:&quot;&quot;},&quot;link_to&quot;:&quot;custom&quot;,&quot;custom_link&quot;:{&quot;url&quot;:&quot;#contenuto&quot;,&quot;is_external&quot;:&quot;&quot;,&quot;nofollow&quot;:&quot;&quot;,&quot;custom_attributes&quot;:&quot;&quot;},&quot;trigger&quot;:&quot;arriving_to_viewport&quot;,&quot;viewport&quot;:{&quot;unit&quot;:&quot;%&quot;,&quot;size&quot;:&quot;&quot;,&quot;sizes&quot;:{&quot;start&quot;:0,&quot;end&quot;:100}},&quot;play_speed&quot;:{&quot;unit&quot;:&quot;px&quot;,&quot;size&quot;:1,&quot;sizes&quot;:[]},&quot;start_point&quot;:{&quot;unit&quot;:&quot;%&quot;,&quot;size&quot;:0,&quot;sizes&quot;:[]},&quot;end_point&quot;:{&quot;unit&quot;:&quot;%&quot;,&quot;size&quot;:100,&quot;sizes&quot;:[]},&quot;renderer&quot;:&quot;svg&quot;}\" data-widget_type=\"lottie.default\">\n\t\t\t\t<div class=\"elementor-widget-container\">\n\t\t\t\t\t<a class=\"e-lottie__container__link\" href=\"#contenuto\"><div class=\"e-lottie__container\"><div class=\"e-lottie__animation\"><\/div><\/div><\/a>\t\t\t\t<\/div>\n\t\t\t\t<\/div>\n\t\t\t\t\t<\/div>\n\t\t<\/div>\n\t\t\t\t\t<\/div>\n\t\t<\/section>\n\t\t\t\t<section class=\"elementor-section elementor-top-section elementor-element elementor-element-42dd184 intro tipo1 deco1bg vh100 elementor-section-boxed elementor-section-height-default elementor-section-height-default\" data-id=\"42dd184\" data-element_type=\"section\" data-e-type=\"section\" id=\"contenuto\">\n\t\t\t\t\t\t<div class=\"elementor-container elementor-column-gap-default\">\n\t\t\t\t\t<div class=\"elementor-column elementor-col-100 elementor-top-column elementor-element elementor-element-81e52f0\" data-id=\"81e52f0\" data-element_type=\"column\" data-e-type=\"column\">\n\t\t\t<div class=\"elementor-widget-wrap elementor-element-populated\">\n\t\t\t\t\t\t<div class=\"elementor-element elementor-element-d47c342 headline intro t1 centrato deco1 elementor-widget elementor-widget-heading\" data-id=\"d47c342\" data-element_type=\"widget\" data-e-type=\"widget\" data-widget_type=\"heading.default\">\n\t\t\t\t<div class=\"elementor-widget-container\">\n\t\t\t\t\t<h1 class=\"elementor-heading-title elementor-size-default\"> Panoramaterrasse <span>Ein Panorama mit viel Charme<\/span><\/h1>\t\t\t\t<\/div>\n\t\t\t\t<\/div>\n\t\t\t\t<div class=\"elementor-element elementor-element-b6e9b3c testo deco elementor-widget elementor-widget-text-editor\" data-id=\"b6e9b3c\" data-element_type=\"widget\" data-e-type=\"widget\" data-widget_type=\"text-editor.default\">\n\t\t\t\t<div class=\"elementor-widget-container\">\n\t\t\t\t\t\t\t\t\t<p id=\"tw-target-text\" class=\"tw-data-text tw-text-large tw-ta\" dir=\"ltr\" data-placeholder=\"Traduzione\">Von der Panoramaterrasse des Hotels Del Lago hat man einen <strong>direkten Blick auf den Piediluco-See<\/strong>, der sich wie ein Juwel in die gr\u00fcne H\u00fcgellandschaft einf\u00fcgt.<\/p>\n<p class=\"tw-data-text tw-text-large tw-ta\" dir=\"ltr\" data-placeholder=\"Traduzione\">Wo auch immer Ihr Blick ruht, Sie werden von der Farbenpracht, dem Lichtspiel und den Spiegelungen auf dem Wasser verzaubert sein.<br \/>\nEin Panorama von gro\u00dfem Reiz, das Ihnen einzigartige Emotionen, ein Gef\u00fchl von Frieden und Harmonie mit der Natur vermitteln kann. Ein Panorama, das in Ihren Augen immer wieder anders ist und doch immer gleich bleibt.<\/p>\n<p class=\"tw-data-text tw-text-large tw-ta\" dir=\"ltr\" data-placeholder=\"Traduzione\">Auf unserer Panoramaterrasse k\u00f6nnen Sie sich bei einer Lekt\u00fcre und einem guten Kaffee entspannen oder einen Aperitif genie\u00dfen, w\u00e4hrend Sie den herrlichen Sonnenuntergang \u00fcber dem Piediluco-See bewundern.<\/p>\n\t\t\t\t\t\t\t\t<\/div>\n\t\t\t\t<\/div>\n\t\t\t\t\t<\/div>\n\t\t<\/div>\n\t\t\t\t\t<\/div>\n\t\t<\/section>\n\t\t\t\t<section class=\"elementor-section elementor-top-section elementor-element elementor-element-8a5d2a4 intro tipo5 elementor-section-boxed elementor-section-height-default elementor-section-height-default\" data-id=\"8a5d2a4\" data-element_type=\"section\" data-e-type=\"section\" data-settings=\"{&quot;background_background&quot;:&quot;slideshow&quot;,&quot;background_slideshow_gallery&quot;:[],&quot;background_slideshow_loop&quot;:&quot;yes&quot;,&quot;background_slideshow_slide_duration&quot;:5000,&quot;background_slideshow_slide_transition&quot;:&quot;fade&quot;,&quot;background_slideshow_transition_duration&quot;:500}\">\n\t\t\t\t\t\t<div class=\"elementor-container elementor-column-gap-default\">\n\t\t\t\t\t<div class=\"elementor-column elementor-col-100 elementor-top-column elementor-element elementor-element-324b171\" data-id=\"324b171\" data-element_type=\"column\" data-e-type=\"column\">\n\t\t\t<div class=\"elementor-widget-wrap elementor-element-populated\">\n\t\t\t\t\t\t<div class=\"elementor-element elementor-element-bae4a40 img elementor-widget elementor-widget-image\" data-id=\"bae4a40\" data-element_type=\"widget\" data-e-type=\"widget\" data-widget_type=\"image.default\">\n\t\t\t\t<div class=\"elementor-widget-container\">\n\t\t\t\t\t\t\t\t\t\t\t\t\t\t\t<img decoding=\"async\" width=\"768\" height=\"512\" src=\"https:\/\/hoteldellago.com\/wp-content\/uploads\/2021\/07\/11-1440x960.jpg\" class=\"attachment-medium_large size-medium_large wp-image-6028\" alt=\"\" srcset=\"https:\/\/hoteldellago.com\/wp-content\/uploads\/2021\/07\/11-1440x960.jpg 1440w, https:\/\/hoteldellago.com\/wp-content\/uploads\/2021\/07\/11.jpg 1920w\" sizes=\"(max-width: 768px) 100vw, 768px\" \/>\t\t\t\t\t\t\t\t\t\t\t\t\t\t\t<\/div>\n\t\t\t\t<\/div>\n\t\t\t\t<div class=\"elementor-section elementor-inner-section elementor-element elementor-element-5f45c1a elementor-section-content-middle elementor-section-boxed elementor-section-height-default elementor-section-height-default\" data-id=\"5f45c1a\" data-element_type=\"section\" data-e-type=\"section\">\n\t\t\t\t\t\t<div class=\"elementor-container elementor-column-gap-default\">\n\t\t\t\t\t<div class=\"elementor-column elementor-col-100 elementor-inner-column elementor-element elementor-element-2be8479\" data-id=\"2be8479\" data-element_type=\"column\" data-e-type=\"column\">\n\t\t\t<div class=\"elementor-widget-wrap elementor-element-populated\">\n\t\t\t\t\t\t<div class=\"elementor-element elementor-element-ccad897 elementor-widget elementor-widget-text-editor\" data-id=\"ccad897\" data-element_type=\"widget\" data-e-type=\"widget\" data-widget_type=\"text-editor.default\">\n\t\t\t\t<div class=\"elementor-widget-container\">\n\t\t\t\t\t\t\t\t\t<p>Die Panoramaterrasse steht den G\u00e4sten des Hotel del Lago den ganzen Tag \u00fcber zur Verf\u00fcgung.<\/p>\n\t\t\t\t\t\t\t\t<\/div>\n\t\t\t\t<\/div>\n\t\t\t\t\t<\/div>\n\t\t<\/div>\n\t\t\t\t\t<\/div>\n\t\t<\/div>\n\t\t\t\t<div class=\"elementor-element elementor-element-955976e headline lead tipo2 color1 elementor-widget elementor-widget-heading\" data-id=\"955976e\" data-element_type=\"widget\" data-e-type=\"widget\" data-widget_type=\"heading.default\">\n\t\t\t\t<div class=\"elementor-widget-container\">\n\t\t\t\t\t<h3 class=\"elementor-heading-title elementor-size-default\"> Panoramaterrasse<\/h3>\t\t\t\t<\/div>\n\t\t\t\t<\/div>\n\t\t\t\t\t<\/div>\n\t\t<\/div>\n\t\t\t\t\t<\/div>\n\t\t<\/section>\n\t\t\t\t<section class=\"elementor-section elementor-top-section elementor-element elementor-element-0e78563 elementor-section-full_width intro  w100 elementor-section-height-default elementor-section-height-default\" data-id=\"0e78563\" data-element_type=\"section\" data-e-type=\"section\">\n\t\t\t\t\t\t<div class=\"elementor-container elementor-column-gap-default\">\n\t\t\t\t\t<div class=\"elementor-column elementor-col-100 elementor-top-column elementor-element elementor-element-5f13937\" data-id=\"5f13937\" data-element_type=\"column\" data-e-type=\"column\">\n\t\t\t<div class=\"elementor-widget-wrap elementor-element-populated\">\n\t\t\t\t\t\t<div class=\"elementor-element elementor-element-8669dda elementor-widget elementor-widget-image-gallery\" data-id=\"8669dda\" data-element_type=\"widget\" data-e-type=\"widget\" data-widget_type=\"image-gallery.default\">\n\t\t\t\t<div class=\"elementor-widget-container\">\n\t\t\t\t\t\t\t<div class=\"elementor-image-gallery\">\n\t\t\t<div id='gallery-1' class='gallery galleryid-6826 gallery-columns-1 gallery-size-quadrato960'><figure class='gallery-item'>\n\t\t\t<div class='gallery-icon landscape'>\n\t\t\t\t<a data-elementor-open-lightbox=\"yes\" data-elementor-lightbox-slideshow=\"8669dda\" data-elementor-lightbox-title=\"Hotel del Lago Piediluco\" data-e-action-hash=\"#elementor-action%3Aaction%3Dlightbox%26settings%3DeyJpZCI6NjAzMSwidXJsIjoiaHR0cHM6XC9cL2hvdGVsZGVsbGFnby5jb21cL3dwLWNvbnRlbnRcL3VwbG9hZHNcLzIwMjFcLzA3XC8xMi5qcGciLCJzbGlkZXNob3ciOiI4NjY5ZGRhIn0%3D\" href='https:\/\/hoteldellago.com\/wp-content\/uploads\/2021\/07\/12.jpg'><img decoding=\"async\" width=\"960\" height=\"960\" src=\"https:\/\/hoteldellago.com\/wp-content\/uploads\/2021\/07\/12-960x960.jpg\" class=\"attachment-quadrato960 size-quadrato960\" alt=\"\" \/><\/a>\n\t\t\t<\/div><\/figure><figure class='gallery-item'>\n\t\t\t<div class='gallery-icon landscape'>\n\t\t\t\t<a data-elementor-open-lightbox=\"yes\" data-elementor-lightbox-slideshow=\"8669dda\" data-elementor-lightbox-title=\"Hotel del Lago Piediluco\" data-e-action-hash=\"#elementor-action%3Aaction%3Dlightbox%26settings%3DeyJpZCI6NjAxNiwidXJsIjoiaHR0cHM6XC9cL2hvdGVsZGVsbGFnby5jb21cL3dwLWNvbnRlbnRcL3VwbG9hZHNcLzIwMjFcLzA3XC8wNy5qcGciLCJzbGlkZXNob3ciOiI4NjY5ZGRhIn0%3D\" href='https:\/\/hoteldellago.com\/wp-content\/uploads\/2021\/07\/07.jpg'><img loading=\"lazy\" decoding=\"async\" width=\"960\" height=\"960\" src=\"https:\/\/hoteldellago.com\/wp-content\/uploads\/2021\/07\/07-960x960.jpg\" class=\"attachment-quadrato960 size-quadrato960\" alt=\"\" \/><\/a>\n\t\t\t<\/div><\/figure><figure class='gallery-item'>\n\t\t\t<div class='gallery-icon landscape'>\n\t\t\t\t<a data-elementor-open-lightbox=\"yes\" data-elementor-lightbox-slideshow=\"8669dda\" data-elementor-lightbox-title=\"05\" data-e-action-hash=\"#elementor-action%3Aaction%3Dlightbox%26settings%3DeyJpZCI6NjAxMCwidXJsIjoiaHR0cHM6XC9cL2hvdGVsZGVsbGFnby5jb21cL3dwLWNvbnRlbnRcL3VwbG9hZHNcLzIwMjFcLzA3XC8wNS5qcGciLCJzbGlkZXNob3ciOiI4NjY5ZGRhIn0%3D\" href='https:\/\/hoteldellago.com\/wp-content\/uploads\/2021\/07\/05.jpg'><img loading=\"lazy\" decoding=\"async\" width=\"960\" height=\"960\" src=\"https:\/\/hoteldellago.com\/wp-content\/uploads\/2021\/07\/05-960x960.jpg\" class=\"attachment-quadrato960 size-quadrato960\" alt=\"\" \/><\/a>\n\t\t\t<\/div><\/figure><figure class='gallery-item'>\n\t\t\t<div class='gallery-icon landscape'>\n\t\t\t\t<a data-elementor-open-lightbox=\"yes\" data-elementor-lightbox-slideshow=\"8669dda\" data-elementor-lightbox-title=\"48\" data-e-action-hash=\"#elementor-action%3Aaction%3Dlightbox%26settings%3DeyJpZCI6NTk4MywidXJsIjoiaHR0cHM6XC9cL2hvdGVsZGVsbGFnby5jb21cL3dwLWNvbnRlbnRcL3VwbG9hZHNcLzIwMjFcLzA3XC80OC5qcGciLCJzbGlkZXNob3ciOiI4NjY5ZGRhIn0%3D\" href='https:\/\/hoteldellago.com\/wp-content\/uploads\/2021\/07\/48.jpg'><img loading=\"lazy\" decoding=\"async\" width=\"960\" height=\"960\" src=\"https:\/\/hoteldellago.com\/wp-content\/uploads\/2021\/07\/48-960x960.jpg\" class=\"attachment-quadrato960 size-quadrato960\" alt=\"\" \/><\/a>\n\t\t\t<\/div><\/figure><figure class='gallery-item'>\n\t\t\t<div class='gallery-icon landscape'>\n\t\t\t\t<a data-elementor-open-lightbox=\"yes\" data-elementor-lightbox-slideshow=\"8669dda\" data-elementor-lightbox-title=\"Hotel del Lago Piediluco\" data-e-action-hash=\"#elementor-action%3Aaction%3Dlightbox%26settings%3DeyJpZCI6NjEwMywidXJsIjoiaHR0cHM6XC9cL2hvdGVsZGVsbGFnby5jb21cL3dwLWNvbnRlbnRcL3VwbG9hZHNcLzIwMjFcLzA3XC9wYW5vcmFtYS5qcGciLCJzbGlkZXNob3ciOiI4NjY5ZGRhIn0%3D\" href='https:\/\/hoteldellago.com\/wp-content\/uploads\/2021\/07\/panorama.jpg'><img loading=\"lazy\" decoding=\"async\" width=\"960\" height=\"960\" src=\"https:\/\/hoteldellago.com\/wp-content\/uploads\/2021\/07\/panorama-960x960.jpg\" class=\"attachment-quadrato960 size-quadrato960\" alt=\"\" aria-describedby=\"gallery-1-6103\" \/><\/a>\n\t\t\t<\/div>\n\t\t\t\t<figcaption class='wp-caption-text gallery-caption' id='gallery-1-6103'>\n\t\t\t\tlago di piediluco\n\t\t\t\t<\/figcaption><\/figure>\n\t\t<\/div>\n\t\t<\/div>\n\t\t\t\t\t\t<\/div>\n\t\t\t\t<\/div>\n\t\t\t\t\t<\/div>\n\t\t<\/div>\n\t\t\t\t\t<\/div>\n\t\t<\/section>\n\t\t\t\t<section class=\"elementor-section elementor-top-section elementor-element elementor-element-aa49ac0 elementor-section-full_width bg1 elementor-section-height-default elementor-section-height-default\" data-id=\"aa49ac0\" data-element_type=\"section\" data-e-type=\"section\">\n\t\t\t\t\t\t<div class=\"elementor-container elementor-column-gap-no\">\n\t\t\t\t\t<div class=\"elementor-column elementor-col-100 elementor-top-column elementor-element elementor-element-b77c7a6\" data-id=\"b77c7a6\" data-element_type=\"column\" data-e-type=\"column\">\n\t\t\t<div class=\"elementor-widget-wrap elementor-element-populated\">\n\t\t\t\t\t\t<div class=\"elementor-element elementor-element-8c2dd32 elementor-widget elementor-widget-template\" data-id=\"8c2dd32\" data-element_type=\"widget\" data-e-type=\"widget\" data-widget_type=\"template.default\">\n\t\t\t\t<div class=\"elementor-widget-container\">\n\t\t\t\t\t\t\t<div class=\"elementor-template\">\n\t\t\t\t\t<div data-elementor-type=\"section\" data-elementor-id=\"1019\" class=\"elementor elementor-1019\" data-elementor-post-type=\"elementor_library\">\n\t\t\t\t\t<div class=\"elementor-section elementor-top-section elementor-element elementor-element-6e1b8c4b intro tipo1 offerte elementor-section-boxed elementor-section-height-default elementor-section-height-default\" data-id=\"6e1b8c4b\" data-element_type=\"section\" data-e-type=\"section\">\n\t\t\t\t\t\t<div class=\"elementor-container elementor-column-gap-default\">\n\t\t\t\t\t<div class=\"elementor-column elementor-col-100 elementor-top-column elementor-element elementor-element-7b0e3866\" data-id=\"7b0e3866\" data-element_type=\"column\" data-e-type=\"column\">\n\t\t\t<div class=\"elementor-widget-wrap elementor-element-populated\">\n\t\t\t\t\t\t<div class=\"elementor-element elementor-element-2c4e52f6 headline intro t1 deco1 centrato elementor-widget elementor-widget-heading\" data-id=\"2c4e52f6\" data-element_type=\"widget\" data-e-type=\"widget\" data-widget_type=\"heading.default\">\n\t\t\t\t<div class=\"elementor-widget-container\">\n\t\t\t\t\t<h2 class=\"elementor-heading-title elementor-size-default\">Esclusive per te <span>Offerte, sconti imperdibili e vantaggi<\/span><\/h2>\t\t\t\t<\/div>\n\t\t\t\t<\/div>\n\t\t\t\t<div class=\"elementor-element elementor-element-324796db loop2 slider2 elementor-grid-1 elementor-posts--thumbnail-top elementor-grid-tablet-2 elementor-grid-mobile-1 elementor-widget elementor-widget-posts\" data-id=\"324796db\" data-element_type=\"widget\" data-e-type=\"widget\" data-settings=\"{&quot;custom_columns&quot;:&quot;1&quot;,&quot;custom_columns_tablet&quot;:&quot;2&quot;,&quot;custom_columns_mobile&quot;:&quot;1&quot;,&quot;custom_row_gap&quot;:{&quot;unit&quot;:&quot;px&quot;,&quot;size&quot;:35,&quot;sizes&quot;:[]},&quot;custom_row_gap_tablet&quot;:{&quot;unit&quot;:&quot;px&quot;,&quot;size&quot;:&quot;&quot;,&quot;sizes&quot;:[]},&quot;custom_row_gap_mobile&quot;:{&quot;unit&quot;:&quot;px&quot;,&quot;size&quot;:&quot;&quot;,&quot;sizes&quot;:[]}}\" data-widget_type=\"posts.custom\">\n\t\t\t\t<div class=\"elementor-widget-container\">\n\t\t\t\t\t      <div class=\"ecs-posts elementor-posts-container elementor-posts   elementor-grid elementor-posts--skin-custom\" data-settings=\"{&quot;current_page&quot;:1,&quot;max_num_pages&quot;:0,&quot;load_method&quot;:&quot;&quot;,&quot;widget_id&quot;:&quot;324796db&quot;,&quot;post_id&quot;:6826,&quot;theme_id&quot;:1019,&quot;change_url&quot;:false,&quot;reinit_js&quot;:false}\">\n      <div class=\"elementor-posts-nothing-found\"><\/div>\t\t<\/div>\n\t\t\t\t\t\t<\/div>\n\t\t\t\t<\/div>\n\t\t\t\t<div class=\"elementor-element elementor-element-1f8d1783 elementor-align-center btn elementor-widget elementor-widget-button\" data-id=\"1f8d1783\" data-element_type=\"widget\" data-e-type=\"widget\" data-widget_type=\"button.default\">\n\t\t\t\t<div class=\"elementor-widget-container\">\n\t\t\t\t\t\t\t\t\t<div class=\"elementor-button-wrapper\">\n\t\t\t\t\t<a class=\"elementor-button elementor-button-link elementor-size-sm\" href=\"https:\/\/hoteldellago.com\/offerte-speciali\/\">\n\t\t\t\t\t\t<span class=\"elementor-button-content-wrapper\">\n\t\t\t\t\t\t<span class=\"elementor-button-icon\">\n\t\t\t\t<i aria-hidden=\"true\" class=\"fas fa-chevron-right\"><\/i>\t\t\t<\/span>\n\t\t\t\t\t\t\t\t\t<span class=\"elementor-button-text\">Tutte le offerte<\/span>\n\t\t\t\t\t<\/span>\n\t\t\t\t\t<\/a>\n\t\t\t\t<\/div>\n\t\t\t\t\t\t\t\t<\/div>\n\t\t\t\t<\/div>\n\t\t\t\t\t<\/div>\n\t\t<\/div>\n\t\t\t\t\t<\/div>\n\t\t<\/div>\n\t\t\t\t<\/div>\n\t\t\t\t<\/div>\n\t\t\t\t\t\t<\/div>\n\t\t\t\t<\/div>\n\t\t\t\t\t<\/div>\n\t\t<\/div>\n\t\t\t\t\t<\/div>\n\t\t<\/section>\n\t\t\t\t<\/div>\n\t\t","protected":false},"excerpt":{"rendered":"<p>Entdecken Sie unsere Panoramaterrasse und entspannen Sie sich bei einem Cocktail oder einem Glas Wein mit Blick auf den See.<\/p>\n","protected":false},"author":1,"featured_media":6103,"parent":0,"menu_order":0,"comment_status":"closed","ping_status":"closed","template":"","meta":{"_acf_changed":false,"footnotes":""},"class_list":["post-6826","page","type-page","status-publish","has-post-thumbnail","hentry","pages_category-relax","wpbf-post"],"acf":[],"_links":{"self":[{"href":"https:\/\/hoteldellago.com\/de\/wp-json\/wp\/v2\/pages\/6826","targetHints":{"allow":["GET"]}}],"collection":[{"href":"https:\/\/hoteldellago.com\/de\/wp-json\/wp\/v2\/pages"}],"about":[{"href":"https:\/\/hoteldellago.com\/de\/wp-json\/wp\/v2\/types\/page"}],"author":[{"embeddable":true,"href":"https:\/\/hoteldellago.com\/de\/wp-json\/wp\/v2\/users\/1"}],"replies":[{"embeddable":true,"href":"https:\/\/hoteldellago.com\/de\/wp-json\/wp\/v2\/comments?post=6826"}],"version-history":[{"count":3,"href":"https:\/\/hoteldellago.com\/de\/wp-json\/wp\/v2\/pages\/6826\/revisions"}],"predecessor-version":[{"id":6855,"href":"https:\/\/hoteldellago.com\/de\/wp-json\/wp\/v2\/pages\/6826\/revisions\/6855"}],"wp:featuredmedia":[{"embeddable":true,"href":"https:\/\/hoteldellago.com\/de\/wp-json\/wp\/v2\/media\/6103"}],"wp:attachment":[{"href":"https:\/\/hoteldellago.com\/de\/wp-json\/wp\/v2\/media?parent=6826"}],"curies":[{"name":"wp","href":"https:\/\/api.w.org\/{rel}","templated":true}]}}