{"id":6960,"date":"2023-05-17T14:56:34","date_gmt":"2023-05-17T12:56:34","guid":{"rendered":"https:\/\/hoteldellago.com\/restaurant-la-vista\/"},"modified":"2023-08-14T16:23:52","modified_gmt":"2023-08-14T14:23:52","slug":"restaurant-la-vista","status":"publish","type":"page","link":"https:\/\/hoteldellago.com\/de\/restaurant-la-vista\/","title":{"rendered":"Restaurant La Vista"},"content":{"rendered":"\t\t<div data-elementor-type=\"wp-page\" data-elementor-id=\"6960\" class=\"elementor elementor-6960 elementor-810\" data-elementor-post-type=\"page\">\n\t\t\t\t\t\t<section class=\"elementor-section elementor-top-section elementor-element elementor-element-0598e2c elementor-section-height-min-height elementor-section-items-stretch hero elementor-section-boxed elementor-section-height-default\" data-id=\"0598e2c\" data-element_type=\"section\" data-e-type=\"section\" data-settings=\"{&quot;background_background&quot;:&quot;slideshow&quot;,&quot;background_slideshow_gallery&quot;:[{&quot;id&quot;:500,&quot;url&quot;:&quot;https:\\\/\\\/hoteldellago.com\\\/wp-content\\\/uploads\\\/2021\\\/07\\\/14.jpg&quot;},{&quot;id&quot;:488,&quot;url&quot;:&quot;https:\\\/\\\/hoteldellago.com\\\/wp-content\\\/uploads\\\/2021\\\/07\\\/02.jpg&quot;},{&quot;id&quot;:729,&quot;url&quot;:&quot;https:\\\/\\\/hoteldellago.com\\\/wp-content\\\/uploads\\\/2021\\\/07\\\/panorama.jpg&quot;}],&quot;background_slideshow_loop&quot;:&quot;yes&quot;,&quot;background_slideshow_slide_duration&quot;:5000,&quot;background_slideshow_slide_transition&quot;:&quot;fade&quot;,&quot;background_slideshow_transition_duration&quot;:500}\">\n\t\t\t\t\t\t\t<div class=\"elementor-background-overlay\"><\/div>\n\t\t\t\t\t\t\t<div class=\"elementor-container elementor-column-gap-default\">\n\t\t\t\t\t<div class=\"elementor-column elementor-col-100 elementor-top-column elementor-element elementor-element-15d1569\" data-id=\"15d1569\" data-element_type=\"column\" data-e-type=\"column\">\n\t\t\t<div class=\"elementor-widget-wrap elementor-element-populated\">\n\t\t\t\t\t\t<div class=\"elementor-element elementor-element-6247d0e logo elementor-widget elementor-widget-image\" data-id=\"6247d0e\" data-element_type=\"widget\" data-e-type=\"widget\" data-widget_type=\"image.default\">\n\t\t\t\t<div class=\"elementor-widget-container\">\n\t\t\t\t\t\t\t\t\t\t\t\t\t\t\t\t<a href=\"https:\/\/hoteldellago.com\/de\/\">\n\t\t\t\t\t\t\t<img fetchpriority=\"high\" decoding=\"async\" width=\"767\" height=\"205\" src=\"https:\/\/hoteldellago.com\/wp-content\/uploads\/2022\/02\/lavista-ristorante-2.png\" class=\"attachment-quadrato960 size-quadrato960 wp-image-6515\" alt=\"\" srcset=\"https:\/\/hoteldellago.com\/wp-content\/uploads\/2022\/02\/lavista-ristorante-2.png 767w, https:\/\/hoteldellago.com\/wp-content\/uploads\/2022\/02\/lavista-ristorante-2-763x205.png 763w\" sizes=\"(max-width: 767px) 100vw, 767px\" \/>\t\t\t\t\t\t\t\t<\/a>\n\t\t\t\t\t\t\t\t\t\t\t\t\t\t\t<\/div>\n\t\t\t\t<\/div>\n\t\t\t\t<div class=\"elementor-element elementor-element-0bf98af headline hero t1 bianco centrato elementor-widget elementor-widget-heading\" data-id=\"0bf98af\" data-element_type=\"widget\" data-e-type=\"widget\" data-widget_type=\"heading.default\">\n\t\t\t\t<div class=\"elementor-widget-container\">\n\t\t\t\t\t<h2 class=\"elementor-heading-title elementor-size-default\">La Vista Restaurant<\/h2>\t\t\t\t<\/div>\n\t\t\t\t<\/div>\n\t\t\t\t<div class=\"elementor-element elementor-element-637d741 elementor-align-center elementor-widget elementor-widget-lottie\" data-id=\"637d741\" data-element_type=\"widget\" data-e-type=\"widget\" data-settings=\"{&quot;source&quot;:&quot;external_url&quot;,&quot;source_external_url&quot;:{&quot;url&quot;:&quot;\\\/wp-content\\\/themes\\\/pbf-pensareweb-child\\\/assets\\\/scss\\\/img\\\/freccia-giu-hoteldellago.json&quot;,&quot;is_external&quot;:&quot;&quot;,&quot;nofollow&quot;:&quot;&quot;,&quot;custom_attributes&quot;:&quot;&quot;},&quot;link_to&quot;:&quot;custom&quot;,&quot;custom_link&quot;:{&quot;url&quot;:&quot;#contenuto&quot;,&quot;is_external&quot;:&quot;&quot;,&quot;nofollow&quot;:&quot;&quot;,&quot;custom_attributes&quot;:&quot;&quot;},&quot;trigger&quot;:&quot;arriving_to_viewport&quot;,&quot;viewport&quot;:{&quot;unit&quot;:&quot;%&quot;,&quot;size&quot;:&quot;&quot;,&quot;sizes&quot;:{&quot;start&quot;:0,&quot;end&quot;:100}},&quot;play_speed&quot;:{&quot;unit&quot;:&quot;px&quot;,&quot;size&quot;:1,&quot;sizes&quot;:[]},&quot;start_point&quot;:{&quot;unit&quot;:&quot;%&quot;,&quot;size&quot;:0,&quot;sizes&quot;:[]},&quot;end_point&quot;:{&quot;unit&quot;:&quot;%&quot;,&quot;size&quot;:100,&quot;sizes&quot;:[]},&quot;renderer&quot;:&quot;svg&quot;}\" data-widget_type=\"lottie.default\">\n\t\t\t\t<div class=\"elementor-widget-container\">\n\t\t\t\t\t<a class=\"e-lottie__container__link\" href=\"#contenuto\"><div class=\"e-lottie__container\"><div class=\"e-lottie__animation\"><\/div><\/div><\/a>\t\t\t\t<\/div>\n\t\t\t\t<\/div>\n\t\t\t\t\t<\/div>\n\t\t<\/div>\n\t\t\t\t\t<\/div>\n\t\t<\/section>\n\t\t\t\t<section class=\"elementor-section elementor-top-section elementor-element elementor-element-c64523d intro tipo1 deco1bg vh100 elementor-section-boxed elementor-section-height-default elementor-section-height-default\" data-id=\"c64523d\" data-element_type=\"section\" data-e-type=\"section\" id=\"contenuto\">\n\t\t\t\t\t\t<div class=\"elementor-container elementor-column-gap-default\">\n\t\t\t\t\t<div class=\"elementor-column elementor-col-100 elementor-top-column elementor-element elementor-element-d892fea\" data-id=\"d892fea\" data-element_type=\"column\" data-e-type=\"column\">\n\t\t\t<div class=\"elementor-widget-wrap elementor-element-populated\">\n\t\t\t\t\t\t<div class=\"elementor-element elementor-element-a11edf7 headline intro t1 centrato deco1 elementor-widget elementor-widget-heading\" data-id=\"a11edf7\" data-element_type=\"widget\" data-e-type=\"widget\" data-widget_type=\"heading.default\">\n\t\t\t\t<div class=\"elementor-widget-container\">\n\t\t\t\t\t<h1 class=\"elementor-heading-title elementor-size-default\">La Vista <span>Restaurant auf der Terrasse des Belvedere<\/span><\/h1>\t\t\t\t<\/div>\n\t\t\t\t<\/div>\n\t\t\t\t<div class=\"elementor-element elementor-element-26f57ab testo deco elementor-widget elementor-widget-text-editor\" data-id=\"26f57ab\" data-element_type=\"widget\" data-e-type=\"widget\" data-widget_type=\"text-editor.default\">\n\t\t\t\t<div class=\"elementor-widget-container\">\n\t\t\t\t\t\t\t\t\t<p>Das Restaurant <strong>La Vista<\/strong> hat seinen Namen von seiner privilegierten Lage auf der <strong>Panoramaterrasse des Hotels del Lago. <\/strong>Von hier aus \u00fcberblickt man den See von oben, der seinen unregelm\u00e4\u00dfigen Konturen folgt, wie ein <strong>blaues Juwel inmitten des gr\u00fcnen Reliefs.<\/strong><br \/>\nDie sch\u00f6ne Landschaft ist nur eines der Elemente, die Ihren Aufenthalt zu etwas Besonderem machen, ebenso wichtig sind die Gerichte, die Sie im Restaurant <strong>La Vista<\/strong> genie\u00dfen werden.<br \/>\n<strong>Umbrien<\/strong> ist ein Land mit einer starken b\u00e4uerlichen und kulinarischen <strong>Tradition<\/strong>; seine typischen Produkte sind weltbekannt, wie z.B. Oliven\u00f6l oder Tr\u00fcffel, um nur einige zu nennen. Die Aufwertung der typischen Produkte, die keinen Kilometer entfernt sind, und die Vorz\u00fcglichkeit des Gebiets sind die Werte, die die K\u00fcche des Restaurants <strong>La Vista<\/strong> beleben.<\/p>\n\t\t\t\t\t\t\t\t<\/div>\n\t\t\t\t<\/div>\n\t\t\t\t<div class=\"elementor-element elementor-element-d94fc0e elementor-align-center btn elementor-hidden-desktop elementor-hidden-tablet elementor-hidden-mobile elementor-widget elementor-widget-button\" data-id=\"d94fc0e\" data-element_type=\"widget\" data-e-type=\"widget\" data-widget_type=\"button.default\">\n\t\t\t\t<div class=\"elementor-widget-container\">\n\t\t\t\t\t\t\t\t\t<div class=\"elementor-button-wrapper\">\n\t\t\t\t\t<a class=\"elementor-button elementor-button-link elementor-size-sm\" href=\"https:\/\/hoteldellago.com\/wp-content\/uploads\/2021\/08\/menu-la-vista-ristorante.pdf\" target=\"_blank\">\n\t\t\t\t\t\t<span class=\"elementor-button-content-wrapper\">\n\t\t\t\t\t\t<span class=\"elementor-button-icon\">\n\t\t\t\t<i aria-hidden=\"true\" class=\"fas fa-chevron-right\"><\/i>\t\t\t<\/span>\n\t\t\t\t\t\t\t\t\t<span class=\"elementor-button-text\">Download-Men\u00fc<\/span>\n\t\t\t\t\t<\/span>\n\t\t\t\t\t<\/a>\n\t\t\t\t<\/div>\n\t\t\t\t\t\t\t\t<\/div>\n\t\t\t\t<\/div>\n\t\t\t\t\t<\/div>\n\t\t<\/div>\n\t\t\t\t\t<\/div>\n\t\t<\/section>\n\t\t\t\t<section class=\"elementor-section elementor-top-section elementor-element elementor-element-e3a2ad7 intro tipo5 elementor-section-boxed elementor-section-height-default elementor-section-height-default\" data-id=\"e3a2ad7\" data-element_type=\"section\" data-e-type=\"section\" data-settings=\"{&quot;background_background&quot;:&quot;slideshow&quot;,&quot;background_slideshow_gallery&quot;:[],&quot;background_slideshow_loop&quot;:&quot;yes&quot;,&quot;background_slideshow_slide_duration&quot;:5000,&quot;background_slideshow_slide_transition&quot;:&quot;fade&quot;,&quot;background_slideshow_transition_duration&quot;:500}\">\n\t\t\t\t\t\t<div class=\"elementor-container elementor-column-gap-default\">\n\t\t\t\t\t<div class=\"elementor-column elementor-col-100 elementor-top-column elementor-element elementor-element-bf102ea\" data-id=\"bf102ea\" data-element_type=\"column\" data-e-type=\"column\">\n\t\t\t<div class=\"elementor-widget-wrap elementor-element-populated\">\n\t\t\t\t\t\t<div class=\"elementor-element elementor-element-670dfc7 img elementor-widget elementor-widget-image\" data-id=\"670dfc7\" data-element_type=\"widget\" data-e-type=\"widget\" data-widget_type=\"image.default\">\n\t\t\t\t<div class=\"elementor-widget-container\">\n\t\t\t\t\t\t\t\t\t\t\t\t\t\t\t<img decoding=\"async\" width=\"768\" height=\"512\" src=\"https:\/\/hoteldellago.com\/wp-content\/uploads\/2021\/07\/13-1440x960.jpg\" class=\"attachment-medium_large size-medium_large wp-image-6034\" alt=\"\" srcset=\"https:\/\/hoteldellago.com\/wp-content\/uploads\/2021\/07\/13-1440x960.jpg 1440w, https:\/\/hoteldellago.com\/wp-content\/uploads\/2021\/07\/13.jpg 1920w\" sizes=\"(max-width: 768px) 100vw, 768px\" \/>\t\t\t\t\t\t\t\t\t\t\t\t\t\t\t<\/div>\n\t\t\t\t<\/div>\n\t\t\t\t<div class=\"elementor-section elementor-inner-section elementor-element elementor-element-7eef4f4 elementor-section-content-middle elementor-section-boxed elementor-section-height-default elementor-section-height-default\" data-id=\"7eef4f4\" data-element_type=\"section\" data-e-type=\"section\">\n\t\t\t\t\t\t<div class=\"elementor-container elementor-column-gap-default\">\n\t\t\t\t\t<div class=\"elementor-column elementor-col-100 elementor-inner-column elementor-element elementor-element-a2dc037\" data-id=\"a2dc037\" data-element_type=\"column\" data-e-type=\"column\">\n\t\t\t<div class=\"elementor-widget-wrap elementor-element-populated\">\n\t\t\t\t\t\t<div class=\"elementor-element elementor-element-29b16de elementor-widget elementor-widget-text-editor\" data-id=\"29b16de\" data-element_type=\"widget\" data-e-type=\"widget\" data-widget_type=\"text-editor.default\">\n\t\t\t\t<div class=\"elementor-widget-container\">\n\t\t\t\t\t\t\t\t\t<p>Scegliete il ristorante\u00a0<strong>La Vista<\/strong>, scoprite le nostre proposte culinarie e lasciatevi rapire dai\u00a0<strong>sapori della trazione<\/strong>.<\/p>\n\t\t\t\t\t\t\t\t<\/div>\n\t\t\t\t<\/div>\n\t\t\t\t\t<\/div>\n\t\t<\/div>\n\t\t\t\t\t<\/div>\n\t\t<\/div>\n\t\t\t\t<div class=\"elementor-element elementor-element-54c4fdb headline lead tipo2 color1 elementor-widget elementor-widget-heading\" data-id=\"54c4fdb\" data-element_type=\"widget\" data-e-type=\"widget\" data-widget_type=\"heading.default\">\n\t\t\t\t<div class=\"elementor-widget-container\">\n\t\t\t\t\t<h3 class=\"elementor-heading-title elementor-size-default\">La Vista<\/h3>\t\t\t\t<\/div>\n\t\t\t\t<\/div>\n\t\t\t\t\t<\/div>\n\t\t<\/div>\n\t\t\t\t\t<\/div>\n\t\t<\/section>\n\t\t\t\t<section class=\"elementor-section elementor-top-section elementor-element elementor-element-1c68965 elementor-section-full_width intro  w100 elementor-section-height-default elementor-section-height-default\" data-id=\"1c68965\" data-element_type=\"section\" data-e-type=\"section\">\n\t\t\t\t\t\t<div class=\"elementor-container elementor-column-gap-default\">\n\t\t\t\t\t<div class=\"elementor-column elementor-col-100 elementor-top-column elementor-element elementor-element-1744172\" data-id=\"1744172\" data-element_type=\"column\" data-e-type=\"column\">\n\t\t\t<div class=\"elementor-widget-wrap elementor-element-populated\">\n\t\t\t\t\t\t<div class=\"elementor-element elementor-element-ac01854 elementor-widget elementor-widget-image-gallery\" data-id=\"ac01854\" data-element_type=\"widget\" data-e-type=\"widget\" data-widget_type=\"image-gallery.default\">\n\t\t\t\t<div class=\"elementor-widget-container\">\n\t\t\t\t\t\t\t<div class=\"elementor-image-gallery\">\n\t\t\t<div id='gallery-1' class='gallery galleryid-6960 gallery-columns-1 gallery-size-quadrato960'><figure class='gallery-item'>\n\t\t\t<div class='gallery-icon landscape'>\n\t\t\t\t<a data-elementor-open-lightbox=\"yes\" data-elementor-lightbox-slideshow=\"ac01854\" data-elementor-lightbox-title=\"Ristorante Hotel del Lago Piediluco\" data-e-action-hash=\"#elementor-action%3Aaction%3Dlightbox%26settings%3DeyJpZCI6NjI5OCwidXJsIjoiaHR0cHM6XC9cL2hvdGVsZGVsbGFnby5jb21cL3dwLWNvbnRlbnRcL3VwbG9hZHNcLzIwMjFcLzA3XC9zYWxtb24uanBnIiwic2xpZGVzaG93IjoiYWMwMTg1NCJ9\" href='https:\/\/hoteldellago.com\/wp-content\/uploads\/2021\/07\/salmon.jpg'><img decoding=\"async\" width=\"960\" height=\"960\" src=\"https:\/\/hoteldellago.com\/wp-content\/uploads\/2021\/07\/salmon-960x960.jpg\" class=\"attachment-quadrato960 size-quadrato960\" alt=\"\" \/><\/a>\n\t\t\t<\/div><\/figure><figure class='gallery-item'>\n\t\t\t<div class='gallery-icon landscape'>\n\t\t\t\t<a data-elementor-open-lightbox=\"yes\" data-elementor-lightbox-slideshow=\"ac01854\" data-elementor-lightbox-title=\"Ristorante la Vista\" data-e-action-hash=\"#elementor-action%3Aaction%3Dlightbox%26settings%3DeyJpZCI6NjA5MSwidXJsIjoiaHR0cHM6XC9cL2hvdGVsZGVsbGFnby5jb21cL3dwLWNvbnRlbnRcL3VwbG9hZHNcLzIwMjFcLzA3XC8xNS5qcGciLCJzbGlkZXNob3ciOiJhYzAxODU0In0%3D\" href='https:\/\/hoteldellago.com\/wp-content\/uploads\/2021\/07\/15.jpg'><img loading=\"lazy\" decoding=\"async\" width=\"960\" height=\"960\" src=\"https:\/\/hoteldellago.com\/wp-content\/uploads\/2021\/07\/15-960x960.jpg\" class=\"attachment-quadrato960 size-quadrato960\" alt=\"\" aria-describedby=\"gallery-1-6091\" \/><\/a>\n\t\t\t<\/div>\n\t\t\t\t<figcaption class='wp-caption-text gallery-caption' id='gallery-1-6091'>\n\t\t\t\tristorante la vista\n\t\t\t\t<\/figcaption><\/figure><figure class='gallery-item'>\n\t\t\t<div class='gallery-icon landscape'>\n\t\t\t\t<a data-elementor-open-lightbox=\"yes\" data-elementor-lightbox-slideshow=\"ac01854\" data-elementor-lightbox-title=\"13\" data-e-action-hash=\"#elementor-action%3Aaction%3Dlightbox%26settings%3DeyJpZCI6NjAzNCwidXJsIjoiaHR0cHM6XC9cL2hvdGVsZGVsbGFnby5jb21cL3dwLWNvbnRlbnRcL3VwbG9hZHNcLzIwMjFcLzA3XC8xMy5qcGciLCJzbGlkZXNob3ciOiJhYzAxODU0In0%3D\" href='https:\/\/hoteldellago.com\/wp-content\/uploads\/2021\/07\/13.jpg'><img loading=\"lazy\" decoding=\"async\" width=\"960\" height=\"960\" src=\"https:\/\/hoteldellago.com\/wp-content\/uploads\/2021\/07\/13-960x960.jpg\" class=\"attachment-quadrato960 size-quadrato960\" alt=\"\" \/><\/a>\n\t\t\t<\/div><\/figure><figure class='gallery-item'>\n\t\t\t<div class='gallery-icon landscape'>\n\t\t\t\t<a data-elementor-open-lightbox=\"yes\" data-elementor-lightbox-slideshow=\"ac01854\" data-elementor-lightbox-title=\"Hotel del Lago Piediluco\" data-e-action-hash=\"#elementor-action%3Aaction%3Dlightbox%26settings%3DeyJpZCI6NjEwMywidXJsIjoiaHR0cHM6XC9cL2hvdGVsZGVsbGFnby5jb21cL3dwLWNvbnRlbnRcL3VwbG9hZHNcLzIwMjFcLzA3XC9wYW5vcmFtYS5qcGciLCJzbGlkZXNob3ciOiJhYzAxODU0In0%3D\" href='https:\/\/hoteldellago.com\/wp-content\/uploads\/2021\/07\/panorama.jpg'><img loading=\"lazy\" decoding=\"async\" width=\"960\" height=\"960\" src=\"https:\/\/hoteldellago.com\/wp-content\/uploads\/2021\/07\/panorama-960x960.jpg\" class=\"attachment-quadrato960 size-quadrato960\" alt=\"\" aria-describedby=\"gallery-1-6103\" \/><\/a>\n\t\t\t<\/div>\n\t\t\t\t<figcaption class='wp-caption-text gallery-caption' id='gallery-1-6103'>\n\t\t\t\tlago di piediluco\n\t\t\t\t<\/figcaption><\/figure>\n\t\t<\/div>\n\t\t<\/div>\n\t\t\t\t\t\t<\/div>\n\t\t\t\t<\/div>\n\t\t\t\t\t<\/div>\n\t\t<\/div>\n\t\t\t\t\t<\/div>\n\t\t<\/section>\n\t\t\t\t<section class=\"elementor-section elementor-top-section elementor-element elementor-element-7833f7c elementor-section-full_width bg1 elementor-section-height-default elementor-section-height-default\" data-id=\"7833f7c\" data-element_type=\"section\" data-e-type=\"section\">\n\t\t\t\t\t\t<div class=\"elementor-container elementor-column-gap-no\">\n\t\t\t\t\t<div class=\"elementor-column elementor-col-100 elementor-top-column elementor-element elementor-element-7958adc\" data-id=\"7958adc\" data-element_type=\"column\" data-e-type=\"column\">\n\t\t\t<div class=\"elementor-widget-wrap elementor-element-populated\">\n\t\t\t\t\t\t<div class=\"elementor-element elementor-element-3d67727 elementor-widget elementor-widget-template\" data-id=\"3d67727\" data-element_type=\"widget\" data-e-type=\"widget\" data-widget_type=\"template.default\">\n\t\t\t\t<div class=\"elementor-widget-container\">\n\t\t\t\t\t\t\t<div class=\"elementor-template\">\n\t\t\t\t\t<div data-elementor-type=\"page\" data-elementor-id=\"1930\" class=\"elementor elementor-1930\" data-elementor-post-type=\"elementor_library\">\n\t\t\t\t\t\t<div class=\"elementor-section elementor-top-section elementor-element elementor-element-59f6854 intro tipo1 elementor-section-full_width elementor-section-height-default elementor-section-height-default\" data-id=\"59f6854\" data-element_type=\"section\" data-e-type=\"section\">\n\t\t\t\t\t\t<div class=\"elementor-container elementor-column-gap-no\">\n\t\t\t\t\t<div class=\"elementor-column elementor-col-100 elementor-top-column elementor-element elementor-element-c2f97e6\" data-id=\"c2f97e6\" data-element_type=\"column\" data-e-type=\"column\">\n\t\t\t<div class=\"elementor-widget-wrap elementor-element-populated\">\n\t\t\t\t\t\t<div class=\"elementor-element elementor-element-b885d24 headline intro t1 deco1 centrato elementor-widget elementor-widget-heading\" data-id=\"b885d24\" data-element_type=\"widget\" data-e-type=\"widget\" data-widget_type=\"heading.default\">\n\t\t\t\t<div class=\"elementor-widget-container\">\n\t\t\t\t\t<h2 class=\"elementor-heading-title elementor-size-default\">Dove vuoi mangiare oggi?<span>gusto &amp; sapori all'Hotel del Lago<\/span><\/h2>\t\t\t\t<\/div>\n\t\t\t\t<\/div>\n\t\t\t\t<div class=\"elementor-element elementor-element-eb27432 loop5 elementor-grid-1 elementor-posts--thumbnail-top elementor-grid-tablet-2 elementor-grid-mobile-1 elementor-widget elementor-widget-posts\" data-id=\"eb27432\" data-element_type=\"widget\" data-e-type=\"widget\" data-settings=\"{&quot;custom_columns&quot;:&quot;1&quot;,&quot;custom_columns_tablet&quot;:&quot;2&quot;,&quot;custom_columns_mobile&quot;:&quot;1&quot;,&quot;custom_row_gap&quot;:{&quot;unit&quot;:&quot;px&quot;,&quot;size&quot;:35,&quot;sizes&quot;:[]},&quot;custom_row_gap_tablet&quot;:{&quot;unit&quot;:&quot;px&quot;,&quot;size&quot;:&quot;&quot;,&quot;sizes&quot;:[]},&quot;custom_row_gap_mobile&quot;:{&quot;unit&quot;:&quot;px&quot;,&quot;size&quot;:&quot;&quot;,&quot;sizes&quot;:[]}}\" data-widget_type=\"posts.custom\">\n\t\t\t\t<div class=\"elementor-widget-container\">\n\t\t\t\t\t      <div class=\"ecs-posts elementor-posts-container elementor-posts   elementor-grid elementor-posts--skin-custom\" data-settings=\"{&quot;current_page&quot;:1,&quot;max_num_pages&quot;:0,&quot;load_method&quot;:&quot;&quot;,&quot;widget_id&quot;:&quot;eb27432&quot;,&quot;post_id&quot;:6960,&quot;theme_id&quot;:1930,&quot;change_url&quot;:false,&quot;reinit_js&quot;:false}\">\n      \t\t<article id=\"post-6965\" class=\"elementor-post elementor-grid-item ecs-post-loop post-6965 page type-page status-publish has-post-thumbnail hentry pages_category-gusto wpbf-post\">\n\t\t\t\t<div data-elementor-type=\"loop\" data-elementor-id=\"874\" class=\"elementor elementor-874 post-6965 page type-page status-publish has-post-thumbnail hentry pages_category-gusto wpbf-post\" data-elementor-post-type=\"elementor_library\">\n\t\t\t\t\t<section class=\"elementor-section elementor-top-section elementor-element elementor-element-c16aefa elementor-section-full_width elementor-section-height-default elementor-section-height-default\" data-id=\"c16aefa\" data-element_type=\"section\" data-e-type=\"section\">\n\t\t\t\t\t\t<div class=\"elementor-container elementor-column-gap-no\">\n\t\t\t\t\t<div class=\"elementor-column elementor-col-100 elementor-top-column elementor-element elementor-element-33f6508\" data-id=\"33f6508\" data-element_type=\"column\" data-e-type=\"column\">\n\t\t\t<div class=\"elementor-widget-wrap elementor-element-populated\">\n\t\t\t\t\t\t<div class=\"elementor-element elementor-element-5e265bb img elementor-widget elementor-widget-theme-post-featured-image elementor-widget-image\" data-id=\"5e265bb\" data-element_type=\"widget\" data-e-type=\"widget\" data-widget_type=\"theme-post-featured-image.default\">\n\t\t\t\t<div class=\"elementor-widget-container\">\n\t\t\t\t\t\t\t\t\t\t\t\t\t\t\t\t<a href=\"https:\/\/hoteldellago.com\/de\/molo-21-meeresfischrestaurant\/\">\n\t\t\t\t\t\t\t<img loading=\"lazy\" decoding=\"async\" width=\"768\" height=\"512\" src=\"https:\/\/hoteldellago.com\/wp-content\/uploads\/2024\/04\/umbro6-1440x960.jpg\" class=\"attachment-medium_large size-medium_large wp-image-8504\" alt=\"\" srcset=\"https:\/\/hoteldellago.com\/wp-content\/uploads\/2024\/04\/umbro6-1440x960.jpg 1440w, https:\/\/hoteldellago.com\/wp-content\/uploads\/2024\/04\/umbro6.jpg 1920w\" sizes=\"(max-width: 768px) 100vw, 768px\" \/>\t\t\t\t\t\t\t\t<\/a>\n\t\t\t\t\t\t\t\t\t\t\t\t\t\t\t<\/div>\n\t\t\t\t<\/div>\n\t\t\t\t<div class=\"elementor-element elementor-element-10a6e50 headline titolo elementor-widget elementor-widget-heading\" data-id=\"10a6e50\" data-element_type=\"widget\" data-e-type=\"widget\" data-widget_type=\"heading.default\">\n\t\t\t\t<div class=\"elementor-widget-container\">\n\t\t\t\t\t<h2 class=\"elementor-heading-title elementor-size-default\"><a href=\"https:\/\/hoteldellago.com\/de\/molo-21-meeresfischrestaurant\/\">Molo 21 Meeresfischrestaurant<\/a><\/h2>\t\t\t\t<\/div>\n\t\t\t\t<\/div>\n\t\t\t\t\t<\/div>\n\t\t<\/div>\n\t\t\t\t\t<\/div>\n\t\t<\/section>\n\t\t\t\t<\/div>\n\t\t\t\t<\/article>\n\t\t\t\t<article id=\"post-6960\" class=\"elementor-post elementor-grid-item ecs-post-loop post-6960 page type-page status-publish has-post-thumbnail hentry pages_category-gusto wpbf-post\">\n\t\t\t\t<div data-elementor-type=\"loop\" data-elementor-id=\"874\" class=\"elementor elementor-874 post-6960 page type-page status-publish has-post-thumbnail hentry pages_category-gusto wpbf-post\" data-elementor-post-type=\"elementor_library\">\n\t\t\t\t\t<section class=\"elementor-section elementor-top-section elementor-element elementor-element-c16aefa elementor-section-full_width elementor-section-height-default elementor-section-height-default\" data-id=\"c16aefa\" data-element_type=\"section\" data-e-type=\"section\">\n\t\t\t\t\t\t<div class=\"elementor-container elementor-column-gap-no\">\n\t\t\t\t\t<div class=\"elementor-column elementor-col-100 elementor-top-column elementor-element elementor-element-33f6508\" data-id=\"33f6508\" data-element_type=\"column\" data-e-type=\"column\">\n\t\t\t<div class=\"elementor-widget-wrap elementor-element-populated\">\n\t\t\t\t\t\t<div class=\"elementor-element elementor-element-5e265bb img elementor-widget elementor-widget-theme-post-featured-image elementor-widget-image\" data-id=\"5e265bb\" data-element_type=\"widget\" data-e-type=\"widget\" data-widget_type=\"theme-post-featured-image.default\">\n\t\t\t\t<div class=\"elementor-widget-container\">\n\t\t\t\t\t\t\t\t\t\t\t\t\t\t\t\t<a href=\"https:\/\/hoteldellago.com\/de\/restaurant-la-vista\/\">\n\t\t\t\t\t\t\t<img loading=\"lazy\" decoding=\"async\" width=\"768\" height=\"512\" src=\"https:\/\/hoteldellago.com\/wp-content\/uploads\/2021\/07\/14-1440x960.jpg\" class=\"attachment-medium_large size-medium_large wp-image-6037\" alt=\"\" srcset=\"https:\/\/hoteldellago.com\/wp-content\/uploads\/2021\/07\/14-1440x960.jpg 1440w, https:\/\/hoteldellago.com\/wp-content\/uploads\/2021\/07\/14.jpg 1920w\" sizes=\"(max-width: 768px) 100vw, 768px\" \/>\t\t\t\t\t\t\t\t<\/a>\n\t\t\t\t\t\t\t\t\t\t\t\t\t\t\t<\/div>\n\t\t\t\t<\/div>\n\t\t\t\t<div class=\"elementor-element elementor-element-10a6e50 headline titolo elementor-widget elementor-widget-heading\" data-id=\"10a6e50\" data-element_type=\"widget\" data-e-type=\"widget\" data-widget_type=\"heading.default\">\n\t\t\t\t<div class=\"elementor-widget-container\">\n\t\t\t\t\t<h2 class=\"elementor-heading-title elementor-size-default\"><a href=\"https:\/\/hoteldellago.com\/de\/restaurant-la-vista\/\">Restaurant La Vista<\/a><\/h2>\t\t\t\t<\/div>\n\t\t\t\t<\/div>\n\t\t\t\t\t<\/div>\n\t\t<\/div>\n\t\t\t\t\t<\/div>\n\t\t<\/section>\n\t\t\t\t<\/div>\n\t\t\t\t<\/article>\n\t\t\t\t<\/div>\n\t\t\t\t\t\t<\/div>\n\t\t\t\t<\/div>\n\t\t\t\t\t<\/div>\n\t\t<\/div>\n\t\t\t\t\t<\/div>\n\t\t<\/div>\n\t\t\t\t<\/div>\n\t\t\t\t<\/div>\n\t\t\t\t\t\t<\/div>\n\t\t\t\t<\/div>\n\t\t\t\t\t<\/div>\n\t\t<\/div>\n\t\t\t\t\t<\/div>\n\t\t<\/section>\n\t\t\t\t<\/div>\n\t\t","protected":false},"excerpt":{"rendered":"<p>Das Restaurant La Vista, das sich auf der Terrasse des Belvedere befindet, bietet den G\u00e4sten die M\u00f6glichkeit, typische lokale Gerichte zu probieren und so traditionelle Geschmacksrichtungen wiederzuentdecken.<\/p>\n","protected":false},"author":1,"featured_media":6037,"parent":0,"menu_order":0,"comment_status":"closed","ping_status":"closed","template":"","meta":{"_acf_changed":false,"footnotes":""},"class_list":["post-6960","page","type-page","status-publish","has-post-thumbnail","hentry","pages_category-gusto","wpbf-post"],"acf":[],"_links":{"self":[{"href":"https:\/\/hoteldellago.com\/de\/wp-json\/wp\/v2\/pages\/6960","targetHints":{"allow":["GET"]}}],"collection":[{"href":"https:\/\/hoteldellago.com\/de\/wp-json\/wp\/v2\/pages"}],"about":[{"href":"https:\/\/hoteldellago.com\/de\/wp-json\/wp\/v2\/types\/page"}],"author":[{"embeddable":true,"href":"https:\/\/hoteldellago.com\/de\/wp-json\/wp\/v2\/users\/1"}],"replies":[{"embeddable":true,"href":"https:\/\/hoteldellago.com\/de\/wp-json\/wp\/v2\/comments?post=6960"}],"version-history":[{"count":2,"href":"https:\/\/hoteldellago.com\/de\/wp-json\/wp\/v2\/pages\/6960\/revisions"}],"predecessor-version":[{"id":7212,"href":"https:\/\/hoteldellago.com\/de\/wp-json\/wp\/v2\/pages\/6960\/revisions\/7212"}],"wp:featuredmedia":[{"embeddable":true,"href":"https:\/\/hoteldellago.com\/de\/wp-json\/wp\/v2\/media\/6037"}],"wp:attachment":[{"href":"https:\/\/hoteldellago.com\/de\/wp-json\/wp\/v2\/media?parent=6960"}],"curies":[{"name":"wp","href":"https:\/\/api.w.org\/{rel}","templated":true}]}}