{"id":6969,"date":"2023-05-17T15:25:50","date_gmt":"2023-05-17T13:25:50","guid":{"rendered":"https:\/\/hoteldellago.com\/beach-club-molo-21\/"},"modified":"2023-05-17T15:25:52","modified_gmt":"2023-05-17T13:25:52","slug":"beach-club-molo-21","status":"publish","type":"page","link":"https:\/\/hoteldellago.com\/de\/beach-club-molo-21\/","title":{"rendered":"Beach Club Molo 21"},"content":{"rendered":"\t\t<div data-elementor-type=\"wp-page\" data-elementor-id=\"6969\" class=\"elementor elementor-6969 elementor-130\" data-elementor-post-type=\"page\">\n\t\t\t\t\t\t<section class=\"elementor-section elementor-top-section elementor-element elementor-element-b3c27f8 elementor-section-height-min-height elementor-section-items-stretch hero elementor-section-boxed elementor-section-height-default\" data-id=\"b3c27f8\" data-element_type=\"section\" data-e-type=\"section\" data-settings=\"{&quot;background_background&quot;:&quot;slideshow&quot;,&quot;background_slideshow_gallery&quot;:[{&quot;id&quot;:797,&quot;url&quot;:&quot;https:\\\/\\\/hoteldellago.com\\\/wp-content\\\/uploads\\\/2021\\\/07\\\/IMG_0340.jpg&quot;},{&quot;id&quot;:796,&quot;url&quot;:&quot;https:\\\/\\\/hoteldellago.com\\\/wp-content\\\/uploads\\\/2021\\\/07\\\/IMG_0336.jpg&quot;},{&quot;id&quot;:799,&quot;url&quot;:&quot;https:\\\/\\\/hoteldellago.com\\\/wp-content\\\/uploads\\\/2021\\\/07\\\/IMG_0348.jpg&quot;},{&quot;id&quot;:1516,&quot;url&quot;:&quot;https:\\\/\\\/hoteldellago.com\\\/wp-content\\\/uploads\\\/2021\\\/07\\\/IMG_0544.jpg&quot;}],&quot;background_slideshow_loop&quot;:&quot;yes&quot;,&quot;background_slideshow_slide_duration&quot;:5000,&quot;background_slideshow_slide_transition&quot;:&quot;fade&quot;,&quot;background_slideshow_transition_duration&quot;:500}\">\n\t\t\t\t\t\t\t<div class=\"elementor-background-overlay\"><\/div>\n\t\t\t\t\t\t\t<div class=\"elementor-container elementor-column-gap-default\">\n\t\t\t\t\t<div class=\"elementor-column elementor-col-100 elementor-top-column elementor-element elementor-element-8fb8d8d\" data-id=\"8fb8d8d\" data-element_type=\"column\" data-e-type=\"column\">\n\t\t\t<div class=\"elementor-widget-wrap elementor-element-populated\">\n\t\t\t\t\t\t<div class=\"elementor-element elementor-element-7eab108 logo elementor-widget elementor-widget-image\" data-id=\"7eab108\" data-element_type=\"widget\" data-e-type=\"widget\" data-widget_type=\"image.default\">\n\t\t\t\t<div class=\"elementor-widget-container\">\n\t\t\t\t\t\t\t\t\t\t\t\t\t\t\t\t<a href=\"https:\/\/hoteldellago.com\/de\/\">\n\t\t\t\t\t\t\t<img fetchpriority=\"high\" decoding=\"async\" width=\"770\" height=\"142\" src=\"https:\/\/hoteldellago.com\/wp-content\/uploads\/2021\/07\/logo-bianco.png\" class=\"attachment-quadrato960 size-quadrato960 wp-image-5911\" alt=\"\" srcset=\"https:\/\/hoteldellago.com\/wp-content\/uploads\/2021\/07\/logo-bianco.png 770w, https:\/\/hoteldellago.com\/wp-content\/uploads\/2021\/07\/logo-bianco-763x142.png 763w\" sizes=\"(max-width: 770px) 100vw, 770px\" \/>\t\t\t\t\t\t\t\t<\/a>\n\t\t\t\t\t\t\t\t\t\t\t\t\t\t\t<\/div>\n\t\t\t\t<\/div>\n\t\t\t\t<div class=\"elementor-element elementor-element-fac10a1 headline hero t1 bianco centrato elementor-widget elementor-widget-heading\" data-id=\"fac10a1\" data-element_type=\"widget\" data-e-type=\"widget\" data-widget_type=\"heading.default\">\n\t\t\t\t<div class=\"elementor-widget-container\">\n\t\t\t\t\t<h2 class=\"elementor-heading-title elementor-size-default\">Beach Club<\/h2>\t\t\t\t<\/div>\n\t\t\t\t<\/div>\n\t\t\t\t<div class=\"elementor-element elementor-element-d5e68ca elementor-align-center elementor-widget elementor-widget-lottie\" data-id=\"d5e68ca\" data-element_type=\"widget\" data-e-type=\"widget\" data-settings=\"{&quot;source&quot;:&quot;external_url&quot;,&quot;source_external_url&quot;:{&quot;url&quot;:&quot;\\\/wp-content\\\/themes\\\/pbf-pensareweb-child\\\/assets\\\/scss\\\/img\\\/freccia-giu-hoteldellago.json&quot;,&quot;is_external&quot;:&quot;&quot;,&quot;nofollow&quot;:&quot;&quot;,&quot;custom_attributes&quot;:&quot;&quot;},&quot;link_to&quot;:&quot;custom&quot;,&quot;custom_link&quot;:{&quot;url&quot;:&quot;#contenuto&quot;,&quot;is_external&quot;:&quot;&quot;,&quot;nofollow&quot;:&quot;&quot;,&quot;custom_attributes&quot;:&quot;&quot;},&quot;trigger&quot;:&quot;arriving_to_viewport&quot;,&quot;viewport&quot;:{&quot;unit&quot;:&quot;%&quot;,&quot;size&quot;:&quot;&quot;,&quot;sizes&quot;:{&quot;start&quot;:0,&quot;end&quot;:100}},&quot;play_speed&quot;:{&quot;unit&quot;:&quot;px&quot;,&quot;size&quot;:1,&quot;sizes&quot;:[]},&quot;start_point&quot;:{&quot;unit&quot;:&quot;%&quot;,&quot;size&quot;:0,&quot;sizes&quot;:[]},&quot;end_point&quot;:{&quot;unit&quot;:&quot;%&quot;,&quot;size&quot;:100,&quot;sizes&quot;:[]},&quot;renderer&quot;:&quot;svg&quot;}\" data-widget_type=\"lottie.default\">\n\t\t\t\t<div class=\"elementor-widget-container\">\n\t\t\t\t\t<a class=\"e-lottie__container__link\" href=\"#contenuto\"><div class=\"e-lottie__container\"><div class=\"e-lottie__animation\"><\/div><\/div><\/a>\t\t\t\t<\/div>\n\t\t\t\t<\/div>\n\t\t\t\t\t<\/div>\n\t\t<\/div>\n\t\t\t\t\t<\/div>\n\t\t<\/section>\n\t\t\t\t<section class=\"elementor-section elementor-top-section elementor-element elementor-element-3baadee intro tipo1 deco1bg vh100 elementor-section-boxed elementor-section-height-default elementor-section-height-default\" data-id=\"3baadee\" data-element_type=\"section\" data-e-type=\"section\" id=\"contenuto\">\n\t\t\t\t\t\t<div class=\"elementor-container elementor-column-gap-default\">\n\t\t\t\t\t<div class=\"elementor-column elementor-col-100 elementor-top-column elementor-element elementor-element-365dac3\" data-id=\"365dac3\" data-element_type=\"column\" data-e-type=\"column\">\n\t\t\t<div class=\"elementor-widget-wrap elementor-element-populated\">\n\t\t\t\t\t\t<div class=\"elementor-element elementor-element-0c107c0 headline intro t1 centrato deco1 elementor-widget elementor-widget-heading\" data-id=\"0c107c0\" data-element_type=\"widget\" data-e-type=\"widget\" data-widget_type=\"heading.default\">\n\t\t\t\t<div class=\"elementor-widget-container\">\n\t\t\t\t\t<h1 class=\"elementor-heading-title elementor-size-default\">Beach Club - Molo 21 <span> Der gr\u00fcne Strand, an dem Sie entspannen und regenerieren k\u00f6nnen<\/span><\/h1>\t\t\t\t<\/div>\n\t\t\t\t<\/div>\n\t\t\t\t<div class=\"elementor-element elementor-element-c721bff testo deco elementor-widget elementor-widget-text-editor\" data-id=\"c721bff\" data-element_type=\"widget\" data-e-type=\"widget\" data-widget_type=\"text-editor.default\">\n\t\t\t\t<div class=\"elementor-widget-container\">\n\t\t\t\t\t\t\t\t\t<p id=\"tw-target-text\" class=\"tw-data-text tw-text-large tw-ta\" dir=\"ltr\" data-placeholder=\"Traduzione\"><span class=\"Y2IQFc\" lang=\"de\">Der ehemalige <strong>Beach Club<\/strong> \u201eCircolo Canottieri Terni\u201c ist ein sehr angenehmer Ort, der seine Dimension als <strong>\u201egr\u00fcner Strand\u201c<\/strong> gut interpretiert. <\/span><\/p>\n<p class=\"tw-data-text tw-text-large tw-ta\" dir=\"ltr\" data-placeholder=\"Traduzione\"><span class=\"Y2IQFc\" lang=\"de\">Mit seinem kompakten Rasen, seinem <strong>kleinen Pier<\/strong>, der bis zum Gew\u00e4sser reicht, den Lounges im Freien, der gro\u00dfen Trauerweide, den Sonnenliegen und Sonnenschirmen, dem <strong>Beach Club des Hotel del Lago<\/strong>, nur 4 Autominuten vom Hotel entfernt, Es ist ein idealer Ort zum Entspannen, gestreichelt von der Seebrise. <\/span><\/p>\n<p class=\"tw-data-text tw-text-large tw-ta\" dir=\"ltr\" data-placeholder=\"Traduzione\"><span class=\"Y2IQFc\" lang=\"de\">Der <strong>Beach Club<\/strong> ist den ganzen Tag \u00fcber ge\u00f6ffnet und Sie k\u00f6nnen den Aperitif probieren, indem Sie aus einer Liste von vom See inspirierten Cocktails w\u00e4hlen, wie z. B. dem Lake Americano (Campari, Wermut, Spuma di Birra Lager und Rhabarber) oder Craft-Bieren der Piediluppolo-Brauerei , Erfrischungsgetr\u00e4nke, Variationen von Spritz (Aperol, Hugo und Limonello) und eine gro\u00dfe Auswahl an Pinse Romane zum Teilen, Frittieren und Platten.<\/span><\/p>\n\t\t\t\t\t\t\t\t<\/div>\n\t\t\t\t<\/div>\n\t\t\t\t<div class=\"elementor-element elementor-element-41017de elementor-align-center btn elementor-widget elementor-widget-button\" data-id=\"41017de\" data-element_type=\"widget\" data-e-type=\"widget\" data-widget_type=\"button.default\">\n\t\t\t\t<div class=\"elementor-widget-container\">\n\t\t\t\t\t\t\t\t\t<div class=\"elementor-button-wrapper\">\n\t\t\t\t\t<a class=\"elementor-button elementor-button-link elementor-size-sm\" href=\"https:\/\/hoteldellago.com\/wp-content\/uploads\/2021\/08\/molo21-beach.pdf\" target=\"_blank\">\n\t\t\t\t\t\t<span class=\"elementor-button-content-wrapper\">\n\t\t\t\t\t\t<span class=\"elementor-button-icon\">\n\t\t\t\t<i aria-hidden=\"true\" class=\"fas fa-chevron-right\"><\/i>\t\t\t<\/span>\n\t\t\t\t\t\t\t\t\t<span class=\"elementor-button-text\">Download-Men\u00fc<\/span>\n\t\t\t\t\t<\/span>\n\t\t\t\t\t<\/a>\n\t\t\t\t<\/div>\n\t\t\t\t\t\t\t\t<\/div>\n\t\t\t\t<\/div>\n\t\t\t\t\t<\/div>\n\t\t<\/div>\n\t\t\t\t\t<\/div>\n\t\t<\/section>\n\t\t\t\t<section class=\"elementor-section elementor-top-section elementor-element elementor-element-dc8853c intro tipo5 elementor-section-boxed elementor-section-height-default elementor-section-height-default\" data-id=\"dc8853c\" data-element_type=\"section\" data-e-type=\"section\" data-settings=\"{&quot;background_background&quot;:&quot;slideshow&quot;,&quot;background_slideshow_gallery&quot;:[],&quot;background_slideshow_loop&quot;:&quot;yes&quot;,&quot;background_slideshow_slide_duration&quot;:5000,&quot;background_slideshow_slide_transition&quot;:&quot;fade&quot;,&quot;background_slideshow_transition_duration&quot;:500}\">\n\t\t\t\t\t\t<div class=\"elementor-container elementor-column-gap-default\">\n\t\t\t\t\t<div class=\"elementor-column elementor-col-100 elementor-top-column elementor-element elementor-element-066117f\" data-id=\"066117f\" data-element_type=\"column\" data-e-type=\"column\">\n\t\t\t<div class=\"elementor-widget-wrap elementor-element-populated\">\n\t\t\t\t\t\t<div class=\"elementor-section elementor-inner-section elementor-element elementor-element-b761468 elementor-section-content-middle elementor-section-boxed elementor-section-height-default elementor-section-height-default\" data-id=\"b761468\" data-element_type=\"section\" data-e-type=\"section\">\n\t\t\t\t\t\t<div class=\"elementor-container elementor-column-gap-default\">\n\t\t\t\t\t<div class=\"elementor-column elementor-col-100 elementor-inner-column elementor-element elementor-element-de237d3\" data-id=\"de237d3\" data-element_type=\"column\" data-e-type=\"column\">\n\t\t\t<div class=\"elementor-widget-wrap elementor-element-populated\">\n\t\t\t\t\t\t<div class=\"elementor-element elementor-element-c5259b5 elementor-widget elementor-widget-text-editor\" data-id=\"c5259b5\" data-element_type=\"widget\" data-e-type=\"widget\" data-widget_type=\"text-editor.default\">\n\t\t\t\t<div class=\"elementor-widget-container\">\n\t\t\t\t\t\t\t\t\t<p id=\"tw-target-text\" class=\"tw-data-text tw-text-large tw-ta\" dir=\"ltr\" data-placeholder=\"Traduzione\"><span class=\"Y2IQFc\" lang=\"de\">Der Beach Club des Hotel del Lago ist der ideale Ort, um einen Moment der Ruhe und Entspannung zu verbringen. <\/span><\/p>\n<p class=\"tw-data-text tw-text-large tw-ta\" dir=\"ltr\" data-placeholder=\"Traduzione\"><span class=\"Y2IQFc\" lang=\"de\">Es ist nicht nur f\u00fcr Hotelg\u00e4ste ge\u00f6ffnet und bietet Ihnen auch an hei\u00dfen Sommertagen die M\u00f6glichkeit, sich zu regenerieren und dabei das frische Gras und die Seebrise <\/span><span class=\"Y2IQFc\" lang=\"de\">zu genie\u00dfen.<\/span><\/p>\n\t\t\t\t\t\t\t\t<\/div>\n\t\t\t\t<\/div>\n\t\t\t\t\t<\/div>\n\t\t<\/div>\n\t\t\t\t\t<\/div>\n\t\t<\/div>\n\t\t\t\t<div class=\"elementor-element elementor-element-4f3f4ea headline lead tipo4 color1 elementor-widget elementor-widget-heading\" data-id=\"4f3f4ea\" data-element_type=\"widget\" data-e-type=\"widget\" data-widget_type=\"heading.default\">\n\t\t\t\t<div class=\"elementor-widget-container\">\n\t\t\t\t\t<h3 class=\"elementor-heading-title elementor-size-default\"> Strandclub<\/h3>\t\t\t\t<\/div>\n\t\t\t\t<\/div>\n\t\t\t\t<div class=\"elementor-element elementor-element-7bbd0ef img elementor-widget elementor-widget-image\" data-id=\"7bbd0ef\" data-element_type=\"widget\" data-e-type=\"widget\" data-widget_type=\"image.default\">\n\t\t\t\t<div class=\"elementor-widget-container\">\n\t\t\t\t\t\t\t\t\t\t\t\t\t\t\t<img decoding=\"async\" width=\"768\" height=\"512\" src=\"https:\/\/hoteldellago.com\/wp-content\/uploads\/2021\/07\/IMG_0340-1440x960.jpg\" class=\"attachment-medium_large size-medium_large wp-image-6124\" alt=\"\" srcset=\"https:\/\/hoteldellago.com\/wp-content\/uploads\/2021\/07\/IMG_0340-1440x960.jpg 1440w, https:\/\/hoteldellago.com\/wp-content\/uploads\/2021\/07\/IMG_0340.jpg 1920w\" sizes=\"(max-width: 768px) 100vw, 768px\" \/>\t\t\t\t\t\t\t\t\t\t\t\t\t\t\t<\/div>\n\t\t\t\t<\/div>\n\t\t\t\t\t<\/div>\n\t\t<\/div>\n\t\t\t\t\t<\/div>\n\t\t<\/section>\n\t\t\t\t<section class=\"elementor-section elementor-top-section elementor-element elementor-element-41f0d77 elementor-section-full_width intro  w100 elementor-section-height-default elementor-section-height-default\" data-id=\"41f0d77\" data-element_type=\"section\" data-e-type=\"section\">\n\t\t\t\t\t\t<div class=\"elementor-container elementor-column-gap-default\">\n\t\t\t\t\t<div class=\"elementor-column elementor-col-100 elementor-top-column elementor-element elementor-element-59673bd\" data-id=\"59673bd\" data-element_type=\"column\" data-e-type=\"column\">\n\t\t\t<div class=\"elementor-widget-wrap elementor-element-populated\">\n\t\t\t\t\t\t<div class=\"elementor-element elementor-element-68b55ee elementor-widget elementor-widget-image-gallery\" data-id=\"68b55ee\" data-element_type=\"widget\" data-e-type=\"widget\" data-widget_type=\"image-gallery.default\">\n\t\t\t\t<div class=\"elementor-widget-container\">\n\t\t\t\t\t\t\t<div class=\"elementor-image-gallery\">\n\t\t\t<div id='gallery-1' class='gallery galleryid-6969 gallery-columns-1 gallery-size-quadrato960'><figure class='gallery-item'>\n\t\t\t<div class='gallery-icon landscape'>\n\t\t\t\t<a data-elementor-open-lightbox=\"yes\" data-elementor-lightbox-slideshow=\"68b55ee\" data-elementor-lightbox-title=\"Beach Club\" data-e-action-hash=\"#elementor-action%3Aaction%3Dlightbox%26settings%3DeyJpZCI6NjMxMCwidXJsIjoiaHR0cHM6XC9cL2hvdGVsZGVsbGFnby5jb21cL3dwLWNvbnRlbnRcL3VwbG9hZHNcLzIwMjFcLzA3XC9JTUdfMDM0My5qcGciLCJzbGlkZXNob3ciOiI2OGI1NWVlIn0%3D\" href='https:\/\/hoteldellago.com\/wp-content\/uploads\/2021\/07\/IMG_0343.jpg'><img decoding=\"async\" width=\"960\" height=\"960\" src=\"https:\/\/hoteldellago.com\/wp-content\/uploads\/2021\/07\/IMG_0343-960x960.jpg\" class=\"attachment-quadrato960 size-quadrato960\" alt=\"\" \/><\/a>\n\t\t\t<\/div><\/figure><figure class='gallery-item'>\n\t\t\t<div class='gallery-icon landscape'>\n\t\t\t\t<a data-elementor-open-lightbox=\"yes\" data-elementor-lightbox-slideshow=\"68b55ee\" data-elementor-lightbox-title=\"Beach Club\" data-e-action-hash=\"#elementor-action%3Aaction%3Dlightbox%26settings%3DeyJpZCI6NjMxMywidXJsIjoiaHR0cHM6XC9cL2hvdGVsZGVsbGFnby5jb21cL3dwLWNvbnRlbnRcL3VwbG9hZHNcLzIwMjFcLzA3XC9JTUdfMDM0NC0xLmpwZyIsInNsaWRlc2hvdyI6IjY4YjU1ZWUifQ%3D%3D\" href='https:\/\/hoteldellago.com\/wp-content\/uploads\/2021\/07\/IMG_0344-1.jpg'><img loading=\"lazy\" decoding=\"async\" width=\"960\" height=\"960\" src=\"https:\/\/hoteldellago.com\/wp-content\/uploads\/2021\/07\/IMG_0344-1-960x960.jpg\" class=\"attachment-quadrato960 size-quadrato960\" alt=\"\" \/><\/a>\n\t\t\t<\/div><\/figure><figure class='gallery-item'>\n\t\t\t<div class='gallery-icon landscape'>\n\t\t\t\t<a data-elementor-open-lightbox=\"yes\" data-elementor-lightbox-slideshow=\"68b55ee\" data-elementor-lightbox-title=\"Beach Club\" data-e-action-hash=\"#elementor-action%3Aaction%3Dlightbox%26settings%3DeyJpZCI6NjMxNiwidXJsIjoiaHR0cHM6XC9cL2hvdGVsZGVsbGFnby5jb21cL3dwLWNvbnRlbnRcL3VwbG9hZHNcLzIwMjFcLzA3XC9JTUdfMDM0OC0xLmpwZyIsInNsaWRlc2hvdyI6IjY4YjU1ZWUifQ%3D%3D\" href='https:\/\/hoteldellago.com\/wp-content\/uploads\/2021\/07\/IMG_0348-1.jpg'><img loading=\"lazy\" decoding=\"async\" width=\"960\" height=\"960\" src=\"https:\/\/hoteldellago.com\/wp-content\/uploads\/2021\/07\/IMG_0348-1-960x960.jpg\" class=\"attachment-quadrato960 size-quadrato960\" alt=\"\" \/><\/a>\n\t\t\t<\/div><\/figure><figure class='gallery-item'>\n\t\t\t<div class='gallery-icon landscape'>\n\t\t\t\t<a data-elementor-open-lightbox=\"yes\" data-elementor-lightbox-slideshow=\"68b55ee\" data-elementor-lightbox-title=\"Beach Club\" data-e-action-hash=\"#elementor-action%3Aaction%3Dlightbox%26settings%3DeyJpZCI6NjMxOSwidXJsIjoiaHR0cHM6XC9cL2hvdGVsZGVsbGFnby5jb21cL3dwLWNvbnRlbnRcL3VwbG9hZHNcLzIwMjFcLzA3XC9JTUdfMDM5MS5qcGciLCJzbGlkZXNob3ciOiI2OGI1NWVlIn0%3D\" href='https:\/\/hoteldellago.com\/wp-content\/uploads\/2021\/07\/IMG_0391.jpg'><img loading=\"lazy\" decoding=\"async\" width=\"960\" height=\"960\" src=\"https:\/\/hoteldellago.com\/wp-content\/uploads\/2021\/07\/IMG_0391-960x960.jpg\" class=\"attachment-quadrato960 size-quadrato960\" alt=\"\" \/><\/a>\n\t\t\t<\/div><\/figure><figure class='gallery-item'>\n\t\t\t<div class='gallery-icon landscape'>\n\t\t\t\t<a data-elementor-open-lightbox=\"yes\" data-elementor-lightbox-slideshow=\"68b55ee\" data-elementor-lightbox-title=\"Beach Club\" data-e-action-hash=\"#elementor-action%3Aaction%3Dlightbox%26settings%3DeyJpZCI6NjMyMiwidXJsIjoiaHR0cHM6XC9cL2hvdGVsZGVsbGFnby5jb21cL3dwLWNvbnRlbnRcL3VwbG9hZHNcLzIwMjFcLzA3XC9JTUdfMDUyMi5qcGciLCJzbGlkZXNob3ciOiI2OGI1NWVlIn0%3D\" href='https:\/\/hoteldellago.com\/wp-content\/uploads\/2021\/07\/IMG_0522.jpg'><img loading=\"lazy\" decoding=\"async\" width=\"960\" height=\"960\" src=\"https:\/\/hoteldellago.com\/wp-content\/uploads\/2021\/07\/IMG_0522-960x960.jpg\" class=\"attachment-quadrato960 size-quadrato960\" alt=\"\" \/><\/a>\n\t\t\t<\/div><\/figure><figure class='gallery-item'>\n\t\t\t<div class='gallery-icon landscape'>\n\t\t\t\t<a data-elementor-open-lightbox=\"yes\" data-elementor-lightbox-slideshow=\"68b55ee\" data-elementor-lightbox-title=\"Beach Club\" data-e-action-hash=\"#elementor-action%3Aaction%3Dlightbox%26settings%3DeyJpZCI6NjMyNSwidXJsIjoiaHR0cHM6XC9cL2hvdGVsZGVsbGFnby5jb21cL3dwLWNvbnRlbnRcL3VwbG9hZHNcLzIwMjFcLzA3XC9JTUdfMDU0NC5qcGciLCJzbGlkZXNob3ciOiI2OGI1NWVlIn0%3D\" href='https:\/\/hoteldellago.com\/wp-content\/uploads\/2021\/07\/IMG_0544.jpg'><img loading=\"lazy\" decoding=\"async\" width=\"960\" height=\"960\" src=\"https:\/\/hoteldellago.com\/wp-content\/uploads\/2021\/07\/IMG_0544-960x960.jpg\" class=\"attachment-quadrato960 size-quadrato960\" alt=\"\" \/><\/a>\n\t\t\t<\/div><\/figure><figure class='gallery-item'>\n\t\t\t<div class='gallery-icon landscape'>\n\t\t\t\t<a data-elementor-open-lightbox=\"yes\" data-elementor-lightbox-slideshow=\"68b55ee\" data-elementor-lightbox-title=\"Beach Club\" data-e-action-hash=\"#elementor-action%3Aaction%3Dlightbox%26settings%3DeyJpZCI6NjMyOCwidXJsIjoiaHR0cHM6XC9cL2hvdGVsZGVsbGFnby5jb21cL3dwLWNvbnRlbnRcL3VwbG9hZHNcLzIwMjFcLzA3XC9JTUdfMDc4My5qcGciLCJzbGlkZXNob3ciOiI2OGI1NWVlIn0%3D\" href='https:\/\/hoteldellago.com\/wp-content\/uploads\/2021\/07\/IMG_0783.jpg'><img loading=\"lazy\" decoding=\"async\" width=\"960\" height=\"960\" src=\"https:\/\/hoteldellago.com\/wp-content\/uploads\/2021\/07\/IMG_0783-960x960.jpg\" class=\"attachment-quadrato960 size-quadrato960\" alt=\"\" \/><\/a>\n\t\t\t<\/div><\/figure><figure class='gallery-item'>\n\t\t\t<div class='gallery-icon landscape'>\n\t\t\t\t<a data-elementor-open-lightbox=\"yes\" data-elementor-lightbox-slideshow=\"68b55ee\" data-elementor-lightbox-title=\"Beach Club\" data-e-action-hash=\"#elementor-action%3Aaction%3Dlightbox%26settings%3DeyJpZCI6NjMzNCwidXJsIjoiaHR0cHM6XC9cL2hvdGVsZGVsbGFnby5jb21cL3dwLWNvbnRlbnRcL3VwbG9hZHNcLzIwMjFcLzA3XC9JTUdfMDc5My5qcGciLCJzbGlkZXNob3ciOiI2OGI1NWVlIn0%3D\" href='https:\/\/hoteldellago.com\/wp-content\/uploads\/2021\/07\/IMG_0793.jpg'><img loading=\"lazy\" decoding=\"async\" width=\"960\" height=\"960\" src=\"https:\/\/hoteldellago.com\/wp-content\/uploads\/2021\/07\/IMG_0793-960x960.jpg\" class=\"attachment-quadrato960 size-quadrato960\" alt=\"\" \/><\/a>\n\t\t\t<\/div><\/figure><figure class='gallery-item'>\n\t\t\t<div class='gallery-icon landscape'>\n\t\t\t\t<a data-elementor-open-lightbox=\"yes\" data-elementor-lightbox-slideshow=\"68b55ee\" data-elementor-lightbox-title=\"Beach Club\" data-e-action-hash=\"#elementor-action%3Aaction%3Dlightbox%26settings%3DeyJpZCI6NjMzNywidXJsIjoiaHR0cHM6XC9cL2hvdGVsZGVsbGFnby5jb21cL3dwLWNvbnRlbnRcL3VwbG9hZHNcLzIwMjFcLzA3XC9JTUdfMDg0My0xLmpwZyIsInNsaWRlc2hvdyI6IjY4YjU1ZWUifQ%3D%3D\" href='https:\/\/hoteldellago.com\/wp-content\/uploads\/2021\/07\/IMG_0843-1.jpg'><img loading=\"lazy\" decoding=\"async\" width=\"960\" height=\"960\" src=\"https:\/\/hoteldellago.com\/wp-content\/uploads\/2021\/07\/IMG_0843-1-960x960.jpg\" class=\"attachment-quadrato960 size-quadrato960\" alt=\"\" \/><\/a>\n\t\t\t<\/div><\/figure>\n\t\t<\/div>\n\t\t<\/div>\n\t\t\t\t\t\t<\/div>\n\t\t\t\t<\/div>\n\t\t\t\t\t<\/div>\n\t\t<\/div>\n\t\t\t\t\t<\/div>\n\t\t<\/section>\n\t\t\t\t<section class=\"elementor-section elementor-top-section elementor-element elementor-element-7ef00bd elementor-section-full_width bg1 elementor-section-height-default elementor-section-height-default\" data-id=\"7ef00bd\" data-element_type=\"section\" data-e-type=\"section\">\n\t\t\t\t\t\t<div class=\"elementor-container elementor-column-gap-no\">\n\t\t\t\t\t<div class=\"elementor-column elementor-col-100 elementor-top-column elementor-element elementor-element-ac85ce5\" data-id=\"ac85ce5\" data-element_type=\"column\" data-e-type=\"column\">\n\t\t\t<div class=\"elementor-widget-wrap elementor-element-populated\">\n\t\t\t\t\t\t<div class=\"elementor-element elementor-element-93fa688 elementor-widget elementor-widget-template\" data-id=\"93fa688\" data-element_type=\"widget\" data-e-type=\"widget\" data-widget_type=\"template.default\">\n\t\t\t\t<div class=\"elementor-widget-container\">\n\t\t\t\t\t\t\t<div class=\"elementor-template\">\n\t\t\t\t\t<div data-elementor-type=\"section\" data-elementor-id=\"1019\" class=\"elementor elementor-1019\" data-elementor-post-type=\"elementor_library\">\n\t\t\t\t\t<div class=\"elementor-section elementor-top-section elementor-element elementor-element-6e1b8c4b intro tipo1 offerte elementor-section-boxed elementor-section-height-default elementor-section-height-default\" data-id=\"6e1b8c4b\" data-element_type=\"section\" data-e-type=\"section\">\n\t\t\t\t\t\t<div class=\"elementor-container elementor-column-gap-default\">\n\t\t\t\t\t<div class=\"elementor-column elementor-col-100 elementor-top-column elementor-element elementor-element-7b0e3866\" data-id=\"7b0e3866\" data-element_type=\"column\" data-e-type=\"column\">\n\t\t\t<div class=\"elementor-widget-wrap elementor-element-populated\">\n\t\t\t\t\t\t<div class=\"elementor-element elementor-element-2c4e52f6 headline intro t1 deco1 centrato elementor-widget elementor-widget-heading\" data-id=\"2c4e52f6\" data-element_type=\"widget\" data-e-type=\"widget\" data-widget_type=\"heading.default\">\n\t\t\t\t<div class=\"elementor-widget-container\">\n\t\t\t\t\t<h2 class=\"elementor-heading-title elementor-size-default\">Esclusive per te <span>Offerte, sconti imperdibili e vantaggi<\/span><\/h2>\t\t\t\t<\/div>\n\t\t\t\t<\/div>\n\t\t\t\t<div class=\"elementor-element elementor-element-324796db loop2 slider2 elementor-grid-1 elementor-posts--thumbnail-top elementor-grid-tablet-2 elementor-grid-mobile-1 elementor-widget elementor-widget-posts\" data-id=\"324796db\" data-element_type=\"widget\" data-e-type=\"widget\" data-settings=\"{&quot;custom_columns&quot;:&quot;1&quot;,&quot;custom_columns_tablet&quot;:&quot;2&quot;,&quot;custom_columns_mobile&quot;:&quot;1&quot;,&quot;custom_row_gap&quot;:{&quot;unit&quot;:&quot;px&quot;,&quot;size&quot;:35,&quot;sizes&quot;:[]},&quot;custom_row_gap_tablet&quot;:{&quot;unit&quot;:&quot;px&quot;,&quot;size&quot;:&quot;&quot;,&quot;sizes&quot;:[]},&quot;custom_row_gap_mobile&quot;:{&quot;unit&quot;:&quot;px&quot;,&quot;size&quot;:&quot;&quot;,&quot;sizes&quot;:[]}}\" data-widget_type=\"posts.custom\">\n\t\t\t\t<div class=\"elementor-widget-container\">\n\t\t\t\t\t      <div class=\"ecs-posts elementor-posts-container elementor-posts   elementor-grid elementor-posts--skin-custom\" data-settings=\"{&quot;current_page&quot;:1,&quot;max_num_pages&quot;:0,&quot;load_method&quot;:&quot;&quot;,&quot;widget_id&quot;:&quot;324796db&quot;,&quot;post_id&quot;:6969,&quot;theme_id&quot;:1019,&quot;change_url&quot;:false,&quot;reinit_js&quot;:false}\">\n      <div class=\"elementor-posts-nothing-found\"><\/div>\t\t<\/div>\n\t\t\t\t\t\t<\/div>\n\t\t\t\t<\/div>\n\t\t\t\t<div class=\"elementor-element elementor-element-1f8d1783 elementor-align-center btn elementor-widget elementor-widget-button\" data-id=\"1f8d1783\" data-element_type=\"widget\" data-e-type=\"widget\" data-widget_type=\"button.default\">\n\t\t\t\t<div class=\"elementor-widget-container\">\n\t\t\t\t\t\t\t\t\t<div class=\"elementor-button-wrapper\">\n\t\t\t\t\t<a class=\"elementor-button elementor-button-link elementor-size-sm\" href=\"https:\/\/hoteldellago.com\/offerte-speciali\/\">\n\t\t\t\t\t\t<span class=\"elementor-button-content-wrapper\">\n\t\t\t\t\t\t<span class=\"elementor-button-icon\">\n\t\t\t\t<i aria-hidden=\"true\" class=\"fas fa-chevron-right\"><\/i>\t\t\t<\/span>\n\t\t\t\t\t\t\t\t\t<span class=\"elementor-button-text\">Tutte le offerte<\/span>\n\t\t\t\t\t<\/span>\n\t\t\t\t\t<\/a>\n\t\t\t\t<\/div>\n\t\t\t\t\t\t\t\t<\/div>\n\t\t\t\t<\/div>\n\t\t\t\t\t<\/div>\n\t\t<\/div>\n\t\t\t\t\t<\/div>\n\t\t<\/div>\n\t\t\t\t<\/div>\n\t\t\t\t<\/div>\n\t\t\t\t\t\t<\/div>\n\t\t\t\t<\/div>\n\t\t\t\t\t<\/div>\n\t\t<\/div>\n\t\t\t\t\t<\/div>\n\t\t<\/section>\n\t\t\t\t<\/div>\n\t\t","protected":false},"excerpt":{"rendered":"<p>Der weiche und kompakte Rasen zeichnet unseren Beach Club am See aus, nur 4 Autominuten vom Hotel entfernt. Entspannen und regenerieren Sie sich im Gr\u00fcnen der \u00fcppigen Natur und im intensiven Blau des Piediluco-Sees.<\/p>\n","protected":false},"author":1,"featured_media":6124,"parent":0,"menu_order":0,"comment_status":"closed","ping_status":"closed","template":"","meta":{"_acf_changed":false,"footnotes":""},"class_list":["post-6969","page","type-page","status-publish","has-post-thumbnail","hentry","pages_category-esperienze","wpbf-post"],"acf":[],"_links":{"self":[{"href":"https:\/\/hoteldellago.com\/de\/wp-json\/wp\/v2\/pages\/6969","targetHints":{"allow":["GET"]}}],"collection":[{"href":"https:\/\/hoteldellago.com\/de\/wp-json\/wp\/v2\/pages"}],"about":[{"href":"https:\/\/hoteldellago.com\/de\/wp-json\/wp\/v2\/types\/page"}],"author":[{"embeddable":true,"href":"https:\/\/hoteldellago.com\/de\/wp-json\/wp\/v2\/users\/1"}],"replies":[{"embeddable":true,"href":"https:\/\/hoteldellago.com\/de\/wp-json\/wp\/v2\/comments?post=6969"}],"version-history":[{"count":1,"href":"https:\/\/hoteldellago.com\/de\/wp-json\/wp\/v2\/pages\/6969\/revisions"}],"predecessor-version":[{"id":6970,"href":"https:\/\/hoteldellago.com\/de\/wp-json\/wp\/v2\/pages\/6969\/revisions\/6970"}],"wp:featuredmedia":[{"embeddable":true,"href":"https:\/\/hoteldellago.com\/de\/wp-json\/wp\/v2\/media\/6124"}],"wp:attachment":[{"href":"https:\/\/hoteldellago.com\/de\/wp-json\/wp\/v2\/media?parent=6969"}],"curies":[{"name":"wp","href":"https:\/\/api.w.org\/{rel}","templated":true}]}}